{"id":1787,"date":"2020-05-15T20:44:40","date_gmt":"2020-05-15T20:44:40","guid":{"rendered":"http:\/\/ks-kretschmar.ks-gmbh.info\/?page_id=1787"},"modified":"2024-06-15T12:07:24","modified_gmt":"2024-06-15T12:07:24","slug":"boxspring-typ-d1","status":"publish","type":"page","link":"http:\/\/ks-kretschmar.ks-gmbh.info\/en\/boxspring-typ-d1\/","title":{"rendered":"Boxspring Typ D1"},"content":{"rendered":"<div data-elementor-type=\"wp-page\" data-elementor-id=\"1787\" class=\"elementor elementor-1787\">\n\t\t\t\t\t\t<section class=\"elementor-section elementor-top-section elementor-element elementor-element-767b843 elementor-section-boxed elementor-section-height-default elementor-section-height-default\" data-id=\"767b843\" data-element_type=\"section\">\n\t\t\t\t\t\t<div class=\"elementor-container elementor-column-gap-default\">\n\t\t\t\t\t<div class=\"elementor-column elementor-col-66 elementor-top-column elementor-element elementor-element-e91ea04\" data-id=\"e91ea04\" data-element_type=\"column\">\n\t\t\t<div class=\"elementor-widget-wrap elementor-element-populated\">\n\t\t\t\t\t\t<div class=\"elementor-element elementor-element-b78bde7 elementor-widget elementor-widget-image\" data-id=\"b78bde7\" data-element_type=\"widget\" data-widget_type=\"image.default\">\n\t\t\t\t<div class=\"elementor-widget-container\">\n\t\t\t\t\t\t\t\t\t\t\t\t\t\t\t<img decoding=\"async\" src=\"https:\/\/ks-kretschmar.ks-gmbh.info\/wp-content\/uploads\/elementor\/thumbs\/gKorpus-Rio-Spiegel-Schnitt-01-qpp19b71y8i4zbi537xsbtvu9w3oiynddpikspxrxc.png\" title=\"Korpus-Rio-Spiegel-Schnitt-01\" alt=\"Korpus-Rio-Schnitt\" loading=\"lazy\" \/>\t\t\t\t\t\t\t\t\t\t\t\t\t\t\t<\/div>\n\t\t\t\t<\/div>\n\t\t\t\t\t<\/div>\n\t\t<\/div>\n\t\t\t\t<div class=\"elementor-column elementor-col-33 elementor-top-column elementor-element elementor-element-4cd5fdc5\" data-id=\"4cd5fdc5\" data-element_type=\"column\">\n\t\t\t<div class=\"elementor-widget-wrap elementor-element-populated\">\n\t\t\t\t\t\t<div class=\"elementor-element elementor-element-7f025dbd elementor-widget elementor-widget-text-editor\" data-id=\"7f025dbd\" data-element_type=\"widget\" data-widget_type=\"text-editor.default\">\n\t\t\t\t<div class=\"elementor-widget-container\">\n\t\t\t\t\t\t\t\t\t<h1><strong>Type D1: corpus base and mattress with pocket spring core<br \/><\/strong><\/h1><ul><li>-Base spring from firm pocket spring core, with 5 turns, 7 zones in firmness H3.<\/li><li>Spring cover made of hard felt (500g\/m2)<\/li><li><strong>Hardside base frame<\/strong>the underspring is framed by a wooden frame This gives the corpus a firm edge and prevents wrinkles from forming in the border area. Upholstery made of PU comfort foam RG35<\/li><li>Upholstery fabric of corpus and mattress border selectable<\/li><li>topper cover ( ticking ) selectable<\/li><\/ul>\t\t\t\t\t\t\t\t<\/div>\n\t\t\t\t<\/div>\n\t\t\t\t\t<\/div>\n\t\t<\/div>\n\t\t\t\t\t<\/div>\n\t\t<\/section>\n\t\t\t\t<section class=\"elementor-section elementor-top-section elementor-element elementor-element-5d5201f8 elementor-section-boxed elementor-section-height-default elementor-section-height-default\" data-id=\"5d5201f8\" data-element_type=\"section\">\n\t\t\t\t\t\t<div class=\"elementor-container elementor-column-gap-default\">\n\t\t\t\t\t<div class=\"elementor-column elementor-col-100 elementor-top-column elementor-element elementor-element-76c30db2\" data-id=\"76c30db2\" data-element_type=\"column\">\n\t\t\t<div class=\"elementor-widget-wrap elementor-element-populated\">\n\t\t\t\t\t\t<div class=\"elementor-element elementor-element-210c3af elementor-widget-divider--view-line elementor-widget elementor-widget-divider\" data-id=\"210c3af\" data-element_type=\"widget\" data-widget_type=\"divider.default\">\n\t\t\t\t<div class=\"elementor-widget-container\">\n\t\t\t\t\t\t\t<div class=\"elementor-divider\">\n\t\t\t<span class=\"elementor-divider-separator\">\n\t\t\t\t\t\t<\/span>\n\t\t<\/div>\n\t\t\t\t\t\t<\/div>\n\t\t\t\t<\/div>\n\t\t\t\t\t<\/div>\n\t\t<\/div>\n\t\t\t\t\t<\/div>\n\t\t<\/section>\n\t\t\t\t<section class=\"elementor-section elementor-top-section elementor-element elementor-element-7bd9920e elementor-section-boxed elementor-section-height-default elementor-section-height-default\" data-id=\"7bd9920e\" data-element_type=\"section\">\n\t\t\t\t\t\t<div class=\"elementor-container elementor-column-gap-default\">\n\t\t\t\t\t<div class=\"elementor-column elementor-col-33 elementor-top-column elementor-element elementor-element-e4621ec\" data-id=\"e4621ec\" data-element_type=\"column\">\n\t\t\t<div class=\"elementor-widget-wrap elementor-element-populated\">\n\t\t\t\t\t\t<div class=\"elementor-element elementor-element-8c1a11b elementor-widget elementor-widget-image\" data-id=\"8c1a11b\" data-element_type=\"widget\" data-widget_type=\"image.default\">\n\t\t\t\t<div class=\"elementor-widget-container\">\n\t\t\t\t\t\t\t\t\t\t\t\t\t\t\t\t<a href=\"http:\/\/ks-kretschmar.ks-gmbh.info\/en\/forio\/\">\n\t\t\t\t\t\t\t<img fetchpriority=\"high\" decoding=\"async\" width=\"1024\" height=\"460\" src=\"https:\/\/ks-kretschmar.ks-gmbh.info\/wp-content\/uploads\/2020\/04\/Forio-03-1024x460.gif\" class=\"attachment-large size-large wp-image-485\" alt=\"\" srcset=\"https:\/\/ks-kretschmar.ks-gmbh.info\/wp-content\/uploads\/2020\/04\/Forio-03-1024x460.gif 1024w, https:\/\/ks-kretschmar.ks-gmbh.info\/wp-content\/uploads\/2020\/04\/Forio-03-300x135.gif 300w, https:\/\/ks-kretschmar.ks-gmbh.info\/wp-content\/uploads\/2020\/04\/Forio-03-768x345.gif 768w, https:\/\/ks-kretschmar.ks-gmbh.info\/wp-content\/uploads\/2020\/04\/Forio-03-1536x690.gif 1536w\" sizes=\"(max-width: 1024px) 100vw, 1024px\" \/>\t\t\t\t\t\t\t\t<\/a>\n\t\t\t\t\t\t\t\t\t\t\t\t\t\t\t<\/div>\n\t\t\t\t<\/div>\n\t\t\t\t\t<\/div>\n\t\t<\/div>\n\t\t\t\t<div class=\"elementor-column elementor-col-33 elementor-top-column elementor-element elementor-element-62a1b870\" data-id=\"62a1b870\" data-element_type=\"column\">\n\t\t\t<div class=\"elementor-widget-wrap elementor-element-populated\">\n\t\t\t\t\t\t<div class=\"elementor-element elementor-element-278bb9ca elementor-widget elementor-widget-image\" data-id=\"278bb9ca\" data-element_type=\"widget\" data-widget_type=\"image.default\">\n\t\t\t\t<div class=\"elementor-widget-container\">\n\t\t\t\t\t\t\t\t\t\t\t\t\t\t\t\t<a href=\"http:\/\/ks-kretschmar.ks-gmbh.info\/en\/forio-top\/\">\n\t\t\t\t\t\t\t<img decoding=\"async\" width=\"1024\" height=\"447\" src=\"https:\/\/ks-kretschmar.ks-gmbh.info\/wp-content\/uploads\/2020\/05\/forio-top-1024x447.gif\" class=\"attachment-large size-large wp-image-2408\" alt=\"\" srcset=\"https:\/\/ks-kretschmar.ks-gmbh.info\/wp-content\/uploads\/2020\/05\/forio-top-1024x447.gif 1024w, https:\/\/ks-kretschmar.ks-gmbh.info\/wp-content\/uploads\/2020\/05\/forio-top-300x131.gif 300w, https:\/\/ks-kretschmar.ks-gmbh.info\/wp-content\/uploads\/2020\/05\/forio-top-768x335.gif 768w, https:\/\/ks-kretschmar.ks-gmbh.info\/wp-content\/uploads\/2020\/05\/forio-top-1536x670.gif 1536w\" sizes=\"(max-width: 1024px) 100vw, 1024px\" \/>\t\t\t\t\t\t\t\t<\/a>\n\t\t\t\t\t\t\t\t\t\t\t\t\t\t\t<\/div>\n\t\t\t\t<\/div>\n\t\t\t\t\t<\/div>\n\t\t<\/div>\n\t\t\t\t<div class=\"elementor-column elementor-col-33 elementor-top-column elementor-element elementor-element-d33a140\" data-id=\"d33a140\" data-element_type=\"column\">\n\t\t\t<div class=\"elementor-widget-wrap elementor-element-populated\">\n\t\t\t\t\t\t<div class=\"elementor-element elementor-element-3c87a3d elementor-widget elementor-widget-image\" data-id=\"3c87a3d\" data-element_type=\"widget\" data-widget_type=\"image.default\">\n\t\t\t\t<div class=\"elementor-widget-container\">\n\t\t\t\t\t\t\t\t\t\t\t\t\t\t\t<img decoding=\"async\" width=\"1024\" height=\"505\" src=\"https:\/\/ks-kretschmar.ks-gmbh.info\/wp-content\/uploads\/2020\/05\/corsa-1024x505.gif\" class=\"attachment-large size-large wp-image-2407\" alt=\"\" srcset=\"https:\/\/ks-kretschmar.ks-gmbh.info\/wp-content\/uploads\/2020\/05\/corsa-1024x505.gif 1024w, https:\/\/ks-kretschmar.ks-gmbh.info\/wp-content\/uploads\/2020\/05\/corsa-300x148.gif 300w, https:\/\/ks-kretschmar.ks-gmbh.info\/wp-content\/uploads\/2020\/05\/corsa-768x379.gif 768w, https:\/\/ks-kretschmar.ks-gmbh.info\/wp-content\/uploads\/2020\/05\/corsa-1536x757.gif 1536w\" sizes=\"(max-width: 1024px) 100vw, 1024px\" \/>\t\t\t\t\t\t\t\t\t\t\t\t\t\t\t<\/div>\n\t\t\t\t<\/div>\n\t\t\t\t\t<\/div>\n\t\t<\/div>\n\t\t\t\t\t<\/div>\n\t\t<\/section>\n\t\t\t\t<section class=\"elementor-section elementor-top-section elementor-element elementor-element-45d62c3d elementor-section-boxed elementor-section-height-default elementor-section-height-default\" data-id=\"45d62c3d\" data-element_type=\"section\">\n\t\t\t\t\t\t<div class=\"elementor-container elementor-column-gap-default\">\n\t\t\t\t\t<div class=\"elementor-column elementor-col-100 elementor-top-column elementor-element elementor-element-7411d277\" data-id=\"7411d277\" data-element_type=\"column\">\n\t\t\t<div class=\"elementor-widget-wrap elementor-element-populated\">\n\t\t\t\t\t\t<div class=\"elementor-element elementor-element-c80c9cb elementor-widget elementor-widget-text-editor\" data-id=\"c80c9cb\" data-element_type=\"widget\" data-widget_type=\"text-editor.default\">\n\t\t\t\t<div class=\"elementor-widget-container\">\n\t\t\t\t\t\t\t\t\t<h1 style=\"text-align: center;\"><span style=\"color: #ffcc00;\">Boxspring mattresses with 7 zones pocket spring core<\/span><\/h1><p style=\"text-align: center;\"><span style=\"color: #ffcc00;\">7-zone pocket spring core with approx. 420 springs (for mattress size 1x2m). 5-turns tempered spring steel.<\/span><br \/><span style=\"color: #ffcc00;\">Festigkeit H2(standard) \/H3 (fest)\u00a0 w\u00e4hlbar. <\/span><br \/><span style=\"color: #ffcc00;\">Ab einer Breite von 160 cm mit zwei getrennten Kernen und durchgehendem Topper in einem Bezug.<\/span><\/p>\t\t\t\t\t\t\t\t<\/div>\n\t\t\t\t<\/div>\n\t\t\t\t\t<\/div>\n\t\t<\/div>\n\t\t\t\t\t<\/div>\n\t\t<\/section>\n\t\t\t\t<section class=\"elementor-section elementor-top-section elementor-element elementor-element-20c60ef8 elementor-section-boxed elementor-section-height-default elementor-section-height-default\" data-id=\"20c60ef8\" data-element_type=\"section\">\n\t\t\t\t\t\t<div class=\"elementor-container elementor-column-gap-default\">\n\t\t\t\t\t<div class=\"elementor-column elementor-col-100 elementor-top-column elementor-element elementor-element-36d13c7b\" data-id=\"36d13c7b\" data-element_type=\"column\">\n\t\t\t<div class=\"elementor-widget-wrap elementor-element-populated\">\n\t\t\t\t\t\t<div class=\"elementor-element elementor-element-67c5dcde elementor-widget-divider--view-line elementor-widget elementor-widget-divider\" data-id=\"67c5dcde\" data-element_type=\"widget\" data-widget_type=\"divider.default\">\n\t\t\t\t<div class=\"elementor-widget-container\">\n\t\t\t\t\t\t\t<div class=\"elementor-divider\">\n\t\t\t<span class=\"elementor-divider-separator\">\n\t\t\t\t\t\t<\/span>\n\t\t<\/div>\n\t\t\t\t\t\t<\/div>\n\t\t\t\t<\/div>\n\t\t\t\t\t<\/div>\n\t\t<\/div>\n\t\t\t\t\t<\/div>\n\t\t<\/section>\n\t\t\t\t<section class=\"elementor-section elementor-top-section elementor-element elementor-element-17450d0 elementor-section-boxed elementor-section-height-default elementor-section-height-default\" data-id=\"17450d0\" data-element_type=\"section\">\n\t\t\t\t\t\t<div class=\"elementor-container elementor-column-gap-default\">\n\t\t\t\t\t<div class=\"elementor-column elementor-col-50 elementor-top-column elementor-element elementor-element-28ca3084\" data-id=\"28ca3084\" data-element_type=\"column\">\n\t\t\t<div class=\"elementor-widget-wrap elementor-element-populated\">\n\t\t\t\t\t\t<div class=\"elementor-element elementor-element-5edd489 elementor-widget elementor-widget-image\" data-id=\"5edd489\" data-element_type=\"widget\" data-widget_type=\"image.default\">\n\t\t\t\t<div class=\"elementor-widget-container\">\n\t\t\t\t\t\t\t\t\t\t\t\t\t\t\t\t<a href=\"http:\/\/ks-kretschmar.ks-gmbh.info\/en\/atlanta-top\/\">\n\t\t\t\t\t\t\t<img loading=\"lazy\" decoding=\"async\" width=\"1024\" height=\"462\" src=\"https:\/\/ks-kretschmar.ks-gmbh.info\/wp-content\/uploads\/2020\/05\/atlanta-top-1024x462.gif\" class=\"attachment-large size-large wp-image-2405\" alt=\"\" srcset=\"https:\/\/ks-kretschmar.ks-gmbh.info\/wp-content\/uploads\/2020\/05\/atlanta-top-1024x462.gif 1024w, https:\/\/ks-kretschmar.ks-gmbh.info\/wp-content\/uploads\/2020\/05\/atlanta-top-300x135.gif 300w, https:\/\/ks-kretschmar.ks-gmbh.info\/wp-content\/uploads\/2020\/05\/atlanta-top-768x346.gif 768w, https:\/\/ks-kretschmar.ks-gmbh.info\/wp-content\/uploads\/2020\/05\/atlanta-top-1536x692.gif 1536w, https:\/\/ks-kretschmar.ks-gmbh.info\/wp-content\/uploads\/2020\/05\/atlanta-top-2048x923.gif 2048w\" sizes=\"(max-width: 1024px) 100vw, 1024px\" \/>\t\t\t\t\t\t\t\t<\/a>\n\t\t\t\t\t\t\t\t\t\t\t\t\t\t\t<\/div>\n\t\t\t\t<\/div>\n\t\t\t\t\t<\/div>\n\t\t<\/div>\n\t\t\t\t<div class=\"elementor-column elementor-col-50 elementor-top-column elementor-element elementor-element-10312479\" data-id=\"10312479\" data-element_type=\"column\">\n\t\t\t<div class=\"elementor-widget-wrap\">\n\t\t\t\t\t\t\t<\/div>\n\t\t<\/div>\n\t\t\t\t\t<\/div>\n\t\t<\/section>\n\t\t\t\t<\/div>","protected":false},"excerpt":{"rendered":"<p>Typ D1: Unterfederung und, Matratze mit Taschenfederkern -Unterfederung aus 7 Zonen Taschenfederkern, 5-Gang (mit 5 Umdrehungen) mit Festigkeit H3 Federabdeckung aus Nadelfilz (500g\/m2) Hardside Umrandung, die Unterfederung wird von einer Holzzarge eingefasst. Dadurch erh\u00e4lt die Unterfederung einen festen Randbereich, Faltenbildung im Korpusbereich wird unterdr\u00fcckt. Polsterung aus PU Komfortschaum RG35 Polsterstoff von Korpus und Matratzenborder w\u00e4hlbar [&hellip;]<\/p>","protected":false},"author":1,"featured_media":0,"parent":0,"menu_order":0,"comment_status":"closed","ping_status":"closed","template":"","meta":{"ocean_post_layout":"full-screen","ocean_both_sidebars_style":"","ocean_both_sidebars_content_width":0,"ocean_both_sidebars_sidebars_width":0,"ocean_sidebar":"0","ocean_second_sidebar":"0","ocean_disable_margins":"enable","ocean_add_body_class":"","ocean_shortcode_before_top_bar":"","ocean_shortcode_after_top_bar":"","ocean_shortcode_before_header":"","ocean_shortcode_after_header":"","ocean_has_shortcode":"","ocean_shortcode_after_title":"","ocean_shortcode_before_footer_widgets":"","ocean_shortcode_after_footer_widgets":"","ocean_shortcode_before_footer_bottom":"","ocean_shortcode_after_footer_bottom":"","ocean_display_top_bar":"default","ocean_display_header":"default","ocean_header_style":"","ocean_center_header_left_menu":"0","ocean_custom_header_template":"0","ocean_custom_logo":0,"ocean_custom_retina_logo":0,"ocean_custom_logo_max_width":0,"ocean_custom_logo_tablet_max_width":0,"ocean_custom_logo_mobile_max_width":0,"ocean_custom_logo_max_height":0,"ocean_custom_logo_tablet_max_height":0,"ocean_custom_logo_mobile_max_height":0,"ocean_header_custom_menu":"0","ocean_menu_typo_font_family":"0","ocean_menu_typo_font_subset":"","ocean_menu_typo_font_size":0,"ocean_menu_typo_font_size_tablet":0,"ocean_menu_typo_font_size_mobile":0,"ocean_menu_typo_font_size_unit":"px","ocean_menu_typo_font_weight":"","ocean_menu_typo_font_weight_tablet":"","ocean_menu_typo_font_weight_mobile":"","ocean_menu_typo_transform":"","ocean_menu_typo_transform_tablet":"","ocean_menu_typo_transform_mobile":"","ocean_menu_typo_line_height":0,"ocean_menu_typo_line_height_tablet":0,"ocean_menu_typo_line_height_mobile":0,"ocean_menu_typo_line_height_unit":"","ocean_menu_typo_spacing":0,"ocean_menu_typo_spacing_tablet":0,"ocean_menu_typo_spacing_mobile":0,"ocean_menu_typo_spacing_unit":"","ocean_menu_link_color":"","ocean_menu_link_color_hover":"","ocean_menu_link_color_active":"","ocean_menu_link_background":"","ocean_menu_link_hover_background":"","ocean_menu_link_active_background":"","ocean_menu_social_links_bg":"","ocean_menu_social_hover_links_bg":"","ocean_menu_social_links_color":"","ocean_menu_social_hover_links_color":"","ocean_disable_title":"default","ocean_disable_heading":"on","ocean_post_title":"","ocean_post_subheading":"","ocean_post_title_style":"","ocean_post_title_background_color":"","ocean_post_title_background":0,"ocean_post_title_bg_image_position":"","ocean_post_title_bg_image_attachment":"","ocean_post_title_bg_image_repeat":"","ocean_post_title_bg_image_size":"","ocean_post_title_height":0,"ocean_post_title_bg_overlay":0.5,"ocean_post_title_bg_overlay_color":"","ocean_disable_breadcrumbs":"default","ocean_breadcrumbs_color":"","ocean_breadcrumbs_separator_color":"","ocean_breadcrumbs_links_color":"","ocean_breadcrumbs_links_hover_color":"","ocean_display_footer_widgets":"default","ocean_display_footer_bottom":"default","ocean_custom_footer_template":"0","footnotes":""},"class_list":["post-1787","page","type-page","status-publish","hentry","entry"],"yoast_head":"<!-- This site is optimized with the Yoast SEO plugin v26.6 - https:\/\/yoast.com\/wordpress\/plugins\/seo\/ -->\n<title>Boxspring Typ D1 - Kretschmar Schlafsysteme<\/title>\n<meta name=\"robots\" content=\"index, follow, max-snippet:-1, max-image-preview:large, max-video-preview:-1\" \/>\n<link rel=\"canonical\" href=\"http:\/\/ks-kretschmar.ks-gmbh.info\/en\/boxspring-typ-d1\/\" \/>\n<meta property=\"og:locale\" content=\"en_GB\" \/>\n<meta property=\"og:type\" content=\"article\" \/>\n<meta property=\"og:title\" content=\"Boxspring Typ D1 - Kretschmar Schlafsysteme\" \/>\n<meta property=\"og:description\" content=\"Typ D1: Unterfederung und, Matratze mit Taschenfederkern -Unterfederung aus 7 Zonen Taschenfederkern, 5-Gang (mit 5 Umdrehungen) mit Festigkeit H3 Federabdeckung aus Nadelfilz (500g\/m2) Hardside Umrandung, die Unterfederung wird von einer Holzzarge eingefasst. Dadurch erh\u00e4lt die Unterfederung einen festen Randbereich, Faltenbildung im Korpusbereich wird unterdr\u00fcckt. Polsterung aus PU Komfortschaum RG35 Polsterstoff von Korpus und Matratzenborder w\u00e4hlbar [&hellip;]\" \/>\n<meta property=\"og:url\" content=\"http:\/\/ks-kretschmar.ks-gmbh.info\/en\/boxspring-typ-d1\/\" \/>\n<meta property=\"og:site_name\" content=\"Kretschmar Schlafsysteme\" \/>\n<meta property=\"article:modified_time\" content=\"2024-06-15T12:07:24+00:00\" \/>\n<meta property=\"og:image\" content=\"http:\/\/ks-kretschmar.ks-gmbh.info\/wp-content\/uploads\/elementor\/thumbs\/gKorpus-Rio-Spiegel-Schnitt-01-qpp19b71y8i4zbi537xsbtvu9w3oiynddpikspxrxc.png\" \/>\n<meta name=\"twitter:card\" content=\"summary_large_image\" \/>\n<meta name=\"twitter:label1\" content=\"Estimated reading time\" \/>\n\t<meta name=\"twitter:data1\" content=\"2 minutes\" \/>\n<script type=\"application\/ld+json\" class=\"yoast-schema-graph\">{\"@context\":\"https:\/\/schema.org\",\"@graph\":[{\"@type\":\"WebPage\",\"@id\":\"http:\/\/ks-kretschmar.ks-gmbh.info\/en\/boxspring-typ-d1\/\",\"url\":\"http:\/\/ks-kretschmar.ks-gmbh.info\/en\/boxspring-typ-d1\/\",\"name\":\"Boxspring Typ D1 - Kretschmar Schlafsysteme\",\"isPartOf\":{\"@id\":\"https:\/\/ks-kretschmar.ks-gmbh.info\/#website\"},\"primaryImageOfPage\":{\"@id\":\"http:\/\/ks-kretschmar.ks-gmbh.info\/en\/boxspring-typ-d1\/#primaryimage\"},\"image\":{\"@id\":\"http:\/\/ks-kretschmar.ks-gmbh.info\/en\/boxspring-typ-d1\/#primaryimage\"},\"thumbnailUrl\":\"http:\/\/ks-kretschmar.ks-gmbh.info\/wp-content\/uploads\/elementor\/thumbs\/gKorpus-Rio-Spiegel-Schnitt-01-qpp19b71y8i4zbi537xsbtvu9w3oiynddpikspxrxc.png\",\"datePublished\":\"2020-05-15T20:44:40+00:00\",\"dateModified\":\"2024-06-15T12:07:24+00:00\",\"breadcrumb\":{\"@id\":\"http:\/\/ks-kretschmar.ks-gmbh.info\/en\/boxspring-typ-d1\/#breadcrumb\"},\"inLanguage\":\"en-GB\",\"potentialAction\":[{\"@type\":\"ReadAction\",\"target\":[\"http:\/\/ks-kretschmar.ks-gmbh.info\/en\/boxspring-typ-d1\/\"]}]},{\"@type\":\"ImageObject\",\"inLanguage\":\"en-GB\",\"@id\":\"http:\/\/ks-kretschmar.ks-gmbh.info\/en\/boxspring-typ-d1\/#primaryimage\",\"url\":\"http:\/\/ks-kretschmar.ks-gmbh.info\/wp-content\/uploads\/elementor\/thumbs\/gKorpus-Rio-Spiegel-Schnitt-01-qpp19b71y8i4zbi537xsbtvu9w3oiynddpikspxrxc.png\",\"contentUrl\":\"http:\/\/ks-kretschmar.ks-gmbh.info\/wp-content\/uploads\/elementor\/thumbs\/gKorpus-Rio-Spiegel-Schnitt-01-qpp19b71y8i4zbi537xsbtvu9w3oiynddpikspxrxc.png\"},{\"@type\":\"BreadcrumbList\",\"@id\":\"http:\/\/ks-kretschmar.ks-gmbh.info\/en\/boxspring-typ-d1\/#breadcrumb\",\"itemListElement\":[{\"@type\":\"ListItem\",\"position\":1,\"name\":\"Startseite\",\"item\":\"https:\/\/ks-kretschmar.ks-gmbh.info\/\"},{\"@type\":\"ListItem\",\"position\":2,\"name\":\"Boxspring Typ D1\"}]},{\"@type\":\"WebSite\",\"@id\":\"https:\/\/ks-kretschmar.ks-gmbh.info\/#website\",\"url\":\"https:\/\/ks-kretschmar.ks-gmbh.info\/\",\"name\":\"Kretschmar Schlafsysteme\",\"description\":\"\",\"publisher\":{\"@id\":\"https:\/\/ks-kretschmar.ks-gmbh.info\/#organization\"},\"potentialAction\":[{\"@type\":\"SearchAction\",\"target\":{\"@type\":\"EntryPoint\",\"urlTemplate\":\"https:\/\/ks-kretschmar.ks-gmbh.info\/?s={search_term_string}\"},\"query-input\":{\"@type\":\"PropertyValueSpecification\",\"valueRequired\":true,\"valueName\":\"search_term_string\"}}],\"inLanguage\":\"en-GB\"},{\"@type\":\"Organization\",\"@id\":\"https:\/\/ks-kretschmar.ks-gmbh.info\/#organization\",\"name\":\"Kretschmar Schlafsysteme\",\"url\":\"https:\/\/ks-kretschmar.ks-gmbh.info\/\",\"logo\":{\"@type\":\"ImageObject\",\"inLanguage\":\"en-GB\",\"@id\":\"https:\/\/ks-kretschmar.ks-gmbh.info\/#\/schema\/logo\/image\/\",\"url\":\"https:\/\/ks-kretschmar.ks-gmbh.info\/wp-content\/uploads\/2020\/02\/cropped-Unbenannt-1.png\",\"contentUrl\":\"https:\/\/ks-kretschmar.ks-gmbh.info\/wp-content\/uploads\/2020\/02\/cropped-Unbenannt-1.png\",\"width\":2016,\"height\":508,\"caption\":\"Kretschmar Schlafsysteme\"},\"image\":{\"@id\":\"https:\/\/ks-kretschmar.ks-gmbh.info\/#\/schema\/logo\/image\/\"}}]}<\/script>\n<!-- \/ Yoast SEO plugin. -->","yoast_head_json":{"title":"Boxspring Typ D1 - Kretschmar Schlafsysteme","robots":{"index":"index","follow":"follow","max-snippet":"max-snippet:-1","max-image-preview":"max-image-preview:large","max-video-preview":"max-video-preview:-1"},"canonical":"http:\/\/ks-kretschmar.ks-gmbh.info\/en\/boxspring-typ-d1\/","og_locale":"en_GB","og_type":"article","og_title":"Boxspring Typ D1 - Kretschmar Schlafsysteme","og_description":"Typ D1: Unterfederung und, Matratze mit Taschenfederkern -Unterfederung aus 7 Zonen Taschenfederkern, 5-Gang (mit 5 Umdrehungen) mit Festigkeit H3 Federabdeckung aus Nadelfilz (500g\/m2) Hardside Umrandung, die Unterfederung wird von einer Holzzarge eingefasst. Dadurch erh\u00e4lt die Unterfederung einen festen Randbereich, Faltenbildung im Korpusbereich wird unterdr\u00fcckt. Polsterung aus PU Komfortschaum RG35 Polsterstoff von Korpus und Matratzenborder w\u00e4hlbar [&hellip;]","og_url":"http:\/\/ks-kretschmar.ks-gmbh.info\/en\/boxspring-typ-d1\/","og_site_name":"Kretschmar Schlafsysteme","article_modified_time":"2024-06-15T12:07:24+00:00","og_image":[{"url":"http:\/\/ks-kretschmar.ks-gmbh.info\/wp-content\/uploads\/elementor\/thumbs\/gKorpus-Rio-Spiegel-Schnitt-01-qpp19b71y8i4zbi537xsbtvu9w3oiynddpikspxrxc.png","type":"","width":"","height":""}],"twitter_card":"summary_large_image","twitter_misc":{"Estimated reading time":"2 minutes"},"schema":{"@context":"https:\/\/schema.org","@graph":[{"@type":"WebPage","@id":"http:\/\/ks-kretschmar.ks-gmbh.info\/en\/boxspring-typ-d1\/","url":"http:\/\/ks-kretschmar.ks-gmbh.info\/en\/boxspring-typ-d1\/","name":"Boxspring Typ D1 - Kretschmar Schlafsysteme","isPartOf":{"@id":"https:\/\/ks-kretschmar.ks-gmbh.info\/#website"},"primaryImageOfPage":{"@id":"http:\/\/ks-kretschmar.ks-gmbh.info\/en\/boxspring-typ-d1\/#primaryimage"},"image":{"@id":"http:\/\/ks-kretschmar.ks-gmbh.info\/en\/boxspring-typ-d1\/#primaryimage"},"thumbnailUrl":"http:\/\/ks-kretschmar.ks-gmbh.info\/wp-content\/uploads\/elementor\/thumbs\/gKorpus-Rio-Spiegel-Schnitt-01-qpp19b71y8i4zbi537xsbtvu9w3oiynddpikspxrxc.png","datePublished":"2020-05-15T20:44:40+00:00","dateModified":"2024-06-15T12:07:24+00:00","breadcrumb":{"@id":"http:\/\/ks-kretschmar.ks-gmbh.info\/en\/boxspring-typ-d1\/#breadcrumb"},"inLanguage":"en-GB","potentialAction":[{"@type":"ReadAction","target":["http:\/\/ks-kretschmar.ks-gmbh.info\/en\/boxspring-typ-d1\/"]}]},{"@type":"ImageObject","inLanguage":"en-GB","@id":"http:\/\/ks-kretschmar.ks-gmbh.info\/en\/boxspring-typ-d1\/#primaryimage","url":"http:\/\/ks-kretschmar.ks-gmbh.info\/wp-content\/uploads\/elementor\/thumbs\/gKorpus-Rio-Spiegel-Schnitt-01-qpp19b71y8i4zbi537xsbtvu9w3oiynddpikspxrxc.png","contentUrl":"http:\/\/ks-kretschmar.ks-gmbh.info\/wp-content\/uploads\/elementor\/thumbs\/gKorpus-Rio-Spiegel-Schnitt-01-qpp19b71y8i4zbi537xsbtvu9w3oiynddpikspxrxc.png"},{"@type":"BreadcrumbList","@id":"http:\/\/ks-kretschmar.ks-gmbh.info\/en\/boxspring-typ-d1\/#breadcrumb","itemListElement":[{"@type":"ListItem","position":1,"name":"Startseite","item":"https:\/\/ks-kretschmar.ks-gmbh.info\/"},{"@type":"ListItem","position":2,"name":"Boxspring Typ D1"}]},{"@type":"WebSite","@id":"https:\/\/ks-kretschmar.ks-gmbh.info\/#website","url":"https:\/\/ks-kretschmar.ks-gmbh.info\/","name":"Kretschmar Schlafsysteme","description":"","publisher":{"@id":"https:\/\/ks-kretschmar.ks-gmbh.info\/#organization"},"potentialAction":[{"@type":"SearchAction","target":{"@type":"EntryPoint","urlTemplate":"https:\/\/ks-kretschmar.ks-gmbh.info\/?s={search_term_string}"},"query-input":{"@type":"PropertyValueSpecification","valueRequired":true,"valueName":"search_term_string"}}],"inLanguage":"en-GB"},{"@type":"Organization","@id":"https:\/\/ks-kretschmar.ks-gmbh.info\/#organization","name":"Kretschmar Schlafsysteme","url":"https:\/\/ks-kretschmar.ks-gmbh.info\/","logo":{"@type":"ImageObject","inLanguage":"en-GB","@id":"https:\/\/ks-kretschmar.ks-gmbh.info\/#\/schema\/logo\/image\/","url":"https:\/\/ks-kretschmar.ks-gmbh.info\/wp-content\/uploads\/2020\/02\/cropped-Unbenannt-1.png","contentUrl":"https:\/\/ks-kretschmar.ks-gmbh.info\/wp-content\/uploads\/2020\/02\/cropped-Unbenannt-1.png","width":2016,"height":508,"caption":"Kretschmar Schlafsysteme"},"image":{"@id":"https:\/\/ks-kretschmar.ks-gmbh.info\/#\/schema\/logo\/image\/"}}]}},"_links":{"self":[{"href":"http:\/\/ks-kretschmar.ks-gmbh.info\/en\/wp-json\/wp\/v2\/pages\/1787","targetHints":{"allow":["GET"]}}],"collection":[{"href":"http:\/\/ks-kretschmar.ks-gmbh.info\/en\/wp-json\/wp\/v2\/pages"}],"about":[{"href":"http:\/\/ks-kretschmar.ks-gmbh.info\/en\/wp-json\/wp\/v2\/types\/page"}],"author":[{"embeddable":true,"href":"http:\/\/ks-kretschmar.ks-gmbh.info\/en\/wp-json\/wp\/v2\/users\/1"}],"replies":[{"embeddable":true,"href":"http:\/\/ks-kretschmar.ks-gmbh.info\/en\/wp-json\/wp\/v2\/comments?post=1787"}],"version-history":[{"count":12,"href":"http:\/\/ks-kretschmar.ks-gmbh.info\/en\/wp-json\/wp\/v2\/pages\/1787\/revisions"}],"predecessor-version":[{"id":6480,"href":"http:\/\/ks-kretschmar.ks-gmbh.info\/en\/wp-json\/wp\/v2\/pages\/1787\/revisions\/6480"}],"wp:attachment":[{"href":"http:\/\/ks-kretschmar.ks-gmbh.info\/en\/wp-json\/wp\/v2\/media?parent=1787"}],"curies":[{"name":"wp","href":"https:\/\/api.w.org\/{rel}","templated":true}]}}