{"id":659,"date":"2020-04-17T14:32:44","date_gmt":"2020-04-17T14:32:44","guid":{"rendered":"http:\/\/ks-kretschmar.ks-gmbh.info\/?page_id=659"},"modified":"2020-04-23T13:22:21","modified_gmt":"2020-04-23T13:22:21","slug":"80124-2","status":"publish","type":"page","link":"http:\/\/ks-kretschmar.ks-gmbh.info\/en\/80124-2\/","title":{"rendered":"80124| Duoflex NV"},"content":{"rendered":"<div data-elementor-type=\"wp-page\" data-elementor-id=\"659\" class=\"elementor elementor-659\">\n\t\t\t\t\t\t<section class=\"elementor-section elementor-top-section elementor-element elementor-element-1b0d8ef9 elementor-section-boxed elementor-section-height-default elementor-section-height-default\" data-id=\"1b0d8ef9\" data-element_type=\"section\">\n\t\t\t\t\t\t<div class=\"elementor-container elementor-column-gap-default\">\n\t\t\t\t\t<div class=\"elementor-column elementor-col-100 elementor-top-column elementor-element elementor-element-f1ab86f\" data-id=\"f1ab86f\" data-element_type=\"column\">\n\t\t\t<div class=\"elementor-widget-wrap elementor-element-populated\">\n\t\t\t\t\t\t<section class=\"elementor-section elementor-inner-section elementor-element elementor-element-682825b5 elementor-section-boxed elementor-section-height-default elementor-section-height-default\" data-id=\"682825b5\" data-element_type=\"section\">\n\t\t\t\t\t\t<div class=\"elementor-container elementor-column-gap-default\">\n\t\t\t\t\t<div class=\"elementor-column elementor-col-50 elementor-inner-column elementor-element elementor-element-54478c75\" data-id=\"54478c75\" data-element_type=\"column\">\n\t\t\t<div class=\"elementor-widget-wrap elementor-element-populated\">\n\t\t\t\t\t\t<div class=\"elementor-element elementor-element-6184b6a9 elementor-widget elementor-widget-text-editor\" data-id=\"6184b6a9\" data-element_type=\"widget\" data-widget_type=\"text-editor.default\">\n\t\t\t\t<div class=\"elementor-widget-container\">\n\t\t\t\t\t\t\t\t\t<h1>Duoflex NV Buche<\/h1><p>Nicht verstellbar<\/p><p>28 Federholzleisten<\/p><p>bis 160 cm Breite<\/p>\t\t\t\t\t\t\t\t<\/div>\n\t\t\t\t<\/div>\n\t\t\t\t\t<\/div>\n\t\t<\/div>\n\t\t\t\t<div class=\"elementor-column elementor-col-50 elementor-inner-column elementor-element elementor-element-6190e6a9\" data-id=\"6190e6a9\" data-element_type=\"column\">\n\t\t\t<div class=\"elementor-widget-wrap elementor-element-populated\">\n\t\t\t\t\t\t<div class=\"elementor-element elementor-element-15fa1ae6 elementor-widget elementor-widget-text-editor\" data-id=\"15fa1ae6\" data-element_type=\"widget\" data-widget_type=\"text-editor.default\">\n\t\t\t\t<div class=\"elementor-widget-container\">\n\t\t\t\t\t\t\t\t\t<h3 style=\"text-align: center;\">Widths<\/h3><p style=\"text-align: center;\">80<\/p><p style=\"text-align: center;\">90<\/p><p style=\"text-align: center;\">100<\/p><p style=\"text-align: center;\">120<\/p><p style=\"text-align: center;\">140<\/p><p style=\"text-align: center;\">160<\/p>\t\t\t\t\t\t\t\t<\/div>\n\t\t\t\t<\/div>\n\t\t\t\t\t<\/div>\n\t\t<\/div>\n\t\t\t\t\t<\/div>\n\t\t<\/section>\n\t\t\t\t<div class=\"elementor-element elementor-element-980810c elementor-widget elementor-widget-image\" data-id=\"980810c\" data-element_type=\"widget\" data-widget_type=\"image.default\">\n\t\t\t\t<div class=\"elementor-widget-container\">\n\t\t\t\t\t\t\t\t\t\t\t\t<figure class=\"wp-caption\">\n\t\t\t\t\t\t\t\t\t\t<img fetchpriority=\"high\" decoding=\"async\" width=\"1024\" height=\"569\" src=\"https:\/\/ks-kretschmar.ks-gmbh.info\/wp-content\/uploads\/2020\/04\/80124-Duoflex_NV-1024x569.jpg\" class=\"attachment-large size-large wp-image-661\" alt=\"\" srcset=\"https:\/\/ks-kretschmar.ks-gmbh.info\/wp-content\/uploads\/2020\/04\/80124-Duoflex_NV-1024x569.jpg 1024w, https:\/\/ks-kretschmar.ks-gmbh.info\/wp-content\/uploads\/2020\/04\/80124-Duoflex_NV-300x167.jpg 300w, https:\/\/ks-kretschmar.ks-gmbh.info\/wp-content\/uploads\/2020\/04\/80124-Duoflex_NV-768x426.jpg 768w, https:\/\/ks-kretschmar.ks-gmbh.info\/wp-content\/uploads\/2020\/04\/80124-Duoflex_NV-1536x853.jpg 1536w, https:\/\/ks-kretschmar.ks-gmbh.info\/wp-content\/uploads\/2020\/04\/80124-Duoflex_NV-2048x1137.jpg 2048w\" sizes=\"(max-width: 1024px) 100vw, 1024px\" \/>\t\t\t\t\t\t\t\t\t\t\t<figcaption class=\"widget-image-caption wp-caption-text\">Art.-Nr.: 80124<\/figcaption>\n\t\t\t\t\t\t\t\t\t\t<\/figure>\n\t\t\t\t\t\t\t\t\t<\/div>\n\t\t\t\t<\/div>\n\t\t\t\t\t<\/div>\n\t\t<\/div>\n\t\t\t\t\t<\/div>\n\t\t<\/section>\n\t\t\t\t<section class=\"elementor-section elementor-top-section elementor-element elementor-element-ee394eb elementor-section-boxed elementor-section-height-default elementor-section-height-default\" data-id=\"ee394eb\" data-element_type=\"section\">\n\t\t\t\t\t\t<div class=\"elementor-container elementor-column-gap-default\">\n\t\t\t\t\t<div class=\"elementor-column elementor-col-100 elementor-top-column elementor-element elementor-element-607074ae\" data-id=\"607074ae\" data-element_type=\"column\">\n\t\t\t<div class=\"elementor-widget-wrap elementor-element-populated\">\n\t\t\t\t\t\t<section class=\"elementor-section elementor-inner-section elementor-element elementor-element-26c0a156 elementor-section-boxed elementor-section-height-default elementor-section-height-default\" data-id=\"26c0a156\" data-element_type=\"section\">\n\t\t\t\t\t\t<div class=\"elementor-container elementor-column-gap-default\">\n\t\t\t\t\t<div class=\"elementor-column elementor-col-50 elementor-inner-column elementor-element elementor-element-52ddadf1\" data-id=\"52ddadf1\" data-element_type=\"column\">\n\t\t\t<div class=\"elementor-widget-wrap elementor-element-populated\">\n\t\t\t\t\t\t<div class=\"elementor-element elementor-element-26872f33 elementor-widget elementor-widget-text-editor\" data-id=\"26872f33\" data-element_type=\"widget\" data-widget_type=\"text-editor.default\">\n\t\t\t\t<div class=\"elementor-widget-container\">\n\t\t\t\t\t\t\t\t\t<p>Can be delivered disassembled or assembled<\/p><p>Curved slats and frame in multilayer beech wood<\/p><p>Die Federholzleisten sind in Kautschuk-Kappen gelagert<\/p><p>Stufenlose H\u00e4rteverstellung im R\u00fcckenbereich<\/p><p>Rahmenh\u00f6he 5,5 cm, mit Mittelgurt<\/p>\t\t\t\t\t\t\t\t<\/div>\n\t\t\t\t<\/div>\n\t\t\t\t\t<\/div>\n\t\t<\/div>\n\t\t\t\t<div class=\"elementor-column elementor-col-50 elementor-inner-column elementor-element elementor-element-38b8ff58\" data-id=\"38b8ff58\" data-element_type=\"column\">\n\t\t\t<div class=\"elementor-widget-wrap\">\n\t\t\t\t\t\t\t<\/div>\n\t\t<\/div>\n\t\t\t\t\t<\/div>\n\t\t<\/section>\n\t\t\t\t\t<\/div>\n\t\t<\/div>\n\t\t\t\t\t<\/div>\n\t\t<\/section>\n\t\t\t\t<\/div>","protected":false},"excerpt":{"rendered":"<p>Duoflex NV Buche Nicht verstellbar 28 Federholzleisten bis 160 cm Breite Breiten 80 90 100 120 140 160 Art.-Nr.: 80124 Zerlegt oder aufgebaut lieferbar Leisten und Rahmen aus Buche Schichtholz Die Federholzleisten sind in Kautschuk-Kappen gelagert Stufenlose H\u00e4rteverstellung im R\u00fcckenbereich Rahmenh\u00f6he 5,5 cm, mit Mittelgurt<\/p>","protected":false},"author":1,"featured_media":0,"parent":0,"menu_order":0,"comment_status":"closed","ping_status":"closed","template":"","meta":{"ocean_post_layout":"","ocean_both_sidebars_style":"","ocean_both_sidebars_content_width":0,"ocean_both_sidebars_sidebars_width":0,"ocean_sidebar":"0","ocean_second_sidebar":"0","ocean_disable_margins":"enable","ocean_add_body_class":"","ocean_shortcode_before_top_bar":"","ocean_shortcode_after_top_bar":"","ocean_shortcode_before_header":"","ocean_shortcode_after_header":"","ocean_has_shortcode":"","ocean_shortcode_after_title":"","ocean_shortcode_before_footer_widgets":"","ocean_shortcode_after_footer_widgets":"","ocean_shortcode_before_footer_bottom":"","ocean_shortcode_after_footer_bottom":"","ocean_display_top_bar":"default","ocean_display_header":"default","ocean_header_style":"","ocean_center_header_left_menu":"0","ocean_custom_header_template":"0","ocean_custom_logo":0,"ocean_custom_retina_logo":0,"ocean_custom_logo_max_width":0,"ocean_custom_logo_tablet_max_width":0,"ocean_custom_logo_mobile_max_width":0,"ocean_custom_logo_max_height":0,"ocean_custom_logo_tablet_max_height":0,"ocean_custom_logo_mobile_max_height":0,"ocean_header_custom_menu":"0","ocean_menu_typo_font_family":"0","ocean_menu_typo_font_subset":"","ocean_menu_typo_font_size":0,"ocean_menu_typo_font_size_tablet":0,"ocean_menu_typo_font_size_mobile":0,"ocean_menu_typo_font_size_unit":"px","ocean_menu_typo_font_weight":"","ocean_menu_typo_font_weight_tablet":"","ocean_menu_typo_font_weight_mobile":"","ocean_menu_typo_transform":"","ocean_menu_typo_transform_tablet":"","ocean_menu_typo_transform_mobile":"","ocean_menu_typo_line_height":0,"ocean_menu_typo_line_height_tablet":0,"ocean_menu_typo_line_height_mobile":0,"ocean_menu_typo_line_height_unit":"","ocean_menu_typo_spacing":0,"ocean_menu_typo_spacing_tablet":0,"ocean_menu_typo_spacing_mobile":0,"ocean_menu_typo_spacing_unit":"","ocean_menu_link_color":"","ocean_menu_link_color_hover":"","ocean_menu_link_color_active":"","ocean_menu_link_background":"","ocean_menu_link_hover_background":"","ocean_menu_link_active_background":"","ocean_menu_social_links_bg":"","ocean_menu_social_hover_links_bg":"","ocean_menu_social_links_color":"","ocean_menu_social_hover_links_color":"","ocean_disable_title":"default","ocean_disable_heading":"default","ocean_post_title":"","ocean_post_subheading":"","ocean_post_title_style":"","ocean_post_title_background_color":"","ocean_post_title_background":0,"ocean_post_title_bg_image_position":"","ocean_post_title_bg_image_attachment":"","ocean_post_title_bg_image_repeat":"","ocean_post_title_bg_image_size":"","ocean_post_title_height":0,"ocean_post_title_bg_overlay":0.5,"ocean_post_title_bg_overlay_color":"","ocean_disable_breadcrumbs":"default","ocean_breadcrumbs_color":"","ocean_breadcrumbs_separator_color":"","ocean_breadcrumbs_links_color":"","ocean_breadcrumbs_links_hover_color":"","ocean_display_footer_widgets":"default","ocean_display_footer_bottom":"default","ocean_custom_footer_template":"0","footnotes":""},"class_list":["post-659","page","type-page","status-publish","hentry","entry"],"yoast_head":"<!-- This site is optimized with the Yoast SEO plugin v26.6 - https:\/\/yoast.com\/wordpress\/plugins\/seo\/ -->\n<title>80124| Duoflex NV - Kretschmar Schlafsysteme<\/title>\n<meta name=\"robots\" content=\"index, follow, max-snippet:-1, max-image-preview:large, max-video-preview:-1\" \/>\n<link rel=\"canonical\" href=\"https:\/\/ks-kretschmar.ks-gmbh.info\/en\/80124-2\/\" \/>\n<meta property=\"og:locale\" content=\"en_GB\" \/>\n<meta property=\"og:type\" content=\"article\" \/>\n<meta property=\"og:title\" content=\"80124| Duoflex NV - Kretschmar Schlafsysteme\" \/>\n<meta property=\"og:description\" content=\"Duoflex NV Buche Nicht verstellbar 28 Federholzleisten bis 160 cm Breite Breiten 80 90 100 120 140 160 Art.-Nr.: 80124 Zerlegt oder aufgebaut lieferbar Leisten und Rahmen aus Buche Schichtholz Die Federholzleisten sind in Kautschuk-Kappen gelagert Stufenlose H\u00e4rteverstellung im R\u00fcckenbereich Rahmenh\u00f6he 5,5 cm, mit Mittelgurt\" \/>\n<meta property=\"og:url\" content=\"https:\/\/ks-kretschmar.ks-gmbh.info\/en\/80124-2\/\" \/>\n<meta property=\"og:site_name\" content=\"Kretschmar Schlafsysteme\" \/>\n<meta property=\"article:modified_time\" content=\"2020-04-23T13:22:21+00:00\" \/>\n<meta property=\"og:image\" content=\"http:\/\/ks-kretschmar.ks-gmbh.info\/wp-content\/uploads\/2020\/04\/80124-Duoflex_NV-1024x569.jpg\" \/>\n<meta name=\"twitter:card\" content=\"summary_large_image\" \/>\n<script type=\"application\/ld+json\" class=\"yoast-schema-graph\">{\"@context\":\"https:\/\/schema.org\",\"@graph\":[{\"@type\":\"WebPage\",\"@id\":\"https:\/\/ks-kretschmar.ks-gmbh.info\/80124-2\/\",\"url\":\"https:\/\/ks-kretschmar.ks-gmbh.info\/80124-2\/\",\"name\":\"80124| Duoflex NV - Kretschmar Schlafsysteme\",\"isPartOf\":{\"@id\":\"https:\/\/ks-kretschmar.ks-gmbh.info\/#website\"},\"primaryImageOfPage\":{\"@id\":\"https:\/\/ks-kretschmar.ks-gmbh.info\/80124-2\/#primaryimage\"},\"image\":{\"@id\":\"https:\/\/ks-kretschmar.ks-gmbh.info\/80124-2\/#primaryimage\"},\"thumbnailUrl\":\"http:\/\/ks-kretschmar.ks-gmbh.info\/wp-content\/uploads\/2020\/04\/80124-Duoflex_NV-1024x569.jpg\",\"datePublished\":\"2020-04-17T14:32:44+00:00\",\"dateModified\":\"2020-04-23T13:22:21+00:00\",\"breadcrumb\":{\"@id\":\"https:\/\/ks-kretschmar.ks-gmbh.info\/80124-2\/#breadcrumb\"},\"inLanguage\":\"en-GB\",\"potentialAction\":[{\"@type\":\"ReadAction\",\"target\":[\"https:\/\/ks-kretschmar.ks-gmbh.info\/80124-2\/\"]}]},{\"@type\":\"ImageObject\",\"inLanguage\":\"en-GB\",\"@id\":\"https:\/\/ks-kretschmar.ks-gmbh.info\/80124-2\/#primaryimage\",\"url\":\"http:\/\/ks-kretschmar.ks-gmbh.info\/wp-content\/uploads\/2020\/04\/80124-Duoflex_NV-1024x569.jpg\",\"contentUrl\":\"http:\/\/ks-kretschmar.ks-gmbh.info\/wp-content\/uploads\/2020\/04\/80124-Duoflex_NV-1024x569.jpg\"},{\"@type\":\"BreadcrumbList\",\"@id\":\"https:\/\/ks-kretschmar.ks-gmbh.info\/80124-2\/#breadcrumb\",\"itemListElement\":[{\"@type\":\"ListItem\",\"position\":1,\"name\":\"Startseite\",\"item\":\"https:\/\/ks-kretschmar.ks-gmbh.info\/\"},{\"@type\":\"ListItem\",\"position\":2,\"name\":\"80124| Duoflex NV\"}]},{\"@type\":\"WebSite\",\"@id\":\"https:\/\/ks-kretschmar.ks-gmbh.info\/#website\",\"url\":\"https:\/\/ks-kretschmar.ks-gmbh.info\/\",\"name\":\"Kretschmar Schlafsysteme\",\"description\":\"\",\"publisher\":{\"@id\":\"https:\/\/ks-kretschmar.ks-gmbh.info\/#organization\"},\"potentialAction\":[{\"@type\":\"SearchAction\",\"target\":{\"@type\":\"EntryPoint\",\"urlTemplate\":\"https:\/\/ks-kretschmar.ks-gmbh.info\/?s={search_term_string}\"},\"query-input\":{\"@type\":\"PropertyValueSpecification\",\"valueRequired\":true,\"valueName\":\"search_term_string\"}}],\"inLanguage\":\"en-GB\"},{\"@type\":\"Organization\",\"@id\":\"https:\/\/ks-kretschmar.ks-gmbh.info\/#organization\",\"name\":\"Kretschmar Schlafsysteme\",\"url\":\"https:\/\/ks-kretschmar.ks-gmbh.info\/\",\"logo\":{\"@type\":\"ImageObject\",\"inLanguage\":\"en-GB\",\"@id\":\"https:\/\/ks-kretschmar.ks-gmbh.info\/#\/schema\/logo\/image\/\",\"url\":\"https:\/\/ks-kretschmar.ks-gmbh.info\/wp-content\/uploads\/2020\/02\/cropped-Unbenannt-1.png\",\"contentUrl\":\"https:\/\/ks-kretschmar.ks-gmbh.info\/wp-content\/uploads\/2020\/02\/cropped-Unbenannt-1.png\",\"width\":2016,\"height\":508,\"caption\":\"Kretschmar Schlafsysteme\"},\"image\":{\"@id\":\"https:\/\/ks-kretschmar.ks-gmbh.info\/#\/schema\/logo\/image\/\"}}]}<\/script>\n<!-- \/ Yoast SEO plugin. -->","yoast_head_json":{"title":"80124| Duoflex NV - Kretschmar Schlafsysteme","robots":{"index":"index","follow":"follow","max-snippet":"max-snippet:-1","max-image-preview":"max-image-preview:large","max-video-preview":"max-video-preview:-1"},"canonical":"https:\/\/ks-kretschmar.ks-gmbh.info\/en\/80124-2\/","og_locale":"en_GB","og_type":"article","og_title":"80124| Duoflex NV - Kretschmar Schlafsysteme","og_description":"Duoflex NV Buche Nicht verstellbar 28 Federholzleisten bis 160 cm Breite Breiten 80 90 100 120 140 160 Art.-Nr.: 80124 Zerlegt oder aufgebaut lieferbar Leisten und Rahmen aus Buche Schichtholz Die Federholzleisten sind in Kautschuk-Kappen gelagert Stufenlose H\u00e4rteverstellung im R\u00fcckenbereich Rahmenh\u00f6he 5,5 cm, mit Mittelgurt","og_url":"https:\/\/ks-kretschmar.ks-gmbh.info\/en\/80124-2\/","og_site_name":"Kretschmar Schlafsysteme","article_modified_time":"2020-04-23T13:22:21+00:00","og_image":[{"url":"http:\/\/ks-kretschmar.ks-gmbh.info\/wp-content\/uploads\/2020\/04\/80124-Duoflex_NV-1024x569.jpg","type":"","width":"","height":""}],"twitter_card":"summary_large_image","schema":{"@context":"https:\/\/schema.org","@graph":[{"@type":"WebPage","@id":"https:\/\/ks-kretschmar.ks-gmbh.info\/80124-2\/","url":"https:\/\/ks-kretschmar.ks-gmbh.info\/80124-2\/","name":"80124| Duoflex NV - Kretschmar Schlafsysteme","isPartOf":{"@id":"https:\/\/ks-kretschmar.ks-gmbh.info\/#website"},"primaryImageOfPage":{"@id":"https:\/\/ks-kretschmar.ks-gmbh.info\/80124-2\/#primaryimage"},"image":{"@id":"https:\/\/ks-kretschmar.ks-gmbh.info\/80124-2\/#primaryimage"},"thumbnailUrl":"http:\/\/ks-kretschmar.ks-gmbh.info\/wp-content\/uploads\/2020\/04\/80124-Duoflex_NV-1024x569.jpg","datePublished":"2020-04-17T14:32:44+00:00","dateModified":"2020-04-23T13:22:21+00:00","breadcrumb":{"@id":"https:\/\/ks-kretschmar.ks-gmbh.info\/80124-2\/#breadcrumb"},"inLanguage":"en-GB","potentialAction":[{"@type":"ReadAction","target":["https:\/\/ks-kretschmar.ks-gmbh.info\/80124-2\/"]}]},{"@type":"ImageObject","inLanguage":"en-GB","@id":"https:\/\/ks-kretschmar.ks-gmbh.info\/80124-2\/#primaryimage","url":"http:\/\/ks-kretschmar.ks-gmbh.info\/wp-content\/uploads\/2020\/04\/80124-Duoflex_NV-1024x569.jpg","contentUrl":"http:\/\/ks-kretschmar.ks-gmbh.info\/wp-content\/uploads\/2020\/04\/80124-Duoflex_NV-1024x569.jpg"},{"@type":"BreadcrumbList","@id":"https:\/\/ks-kretschmar.ks-gmbh.info\/80124-2\/#breadcrumb","itemListElement":[{"@type":"ListItem","position":1,"name":"Startseite","item":"https:\/\/ks-kretschmar.ks-gmbh.info\/"},{"@type":"ListItem","position":2,"name":"80124| Duoflex NV"}]},{"@type":"WebSite","@id":"https:\/\/ks-kretschmar.ks-gmbh.info\/#website","url":"https:\/\/ks-kretschmar.ks-gmbh.info\/","name":"Kretschmar Schlafsysteme","description":"","publisher":{"@id":"https:\/\/ks-kretschmar.ks-gmbh.info\/#organization"},"potentialAction":[{"@type":"SearchAction","target":{"@type":"EntryPoint","urlTemplate":"https:\/\/ks-kretschmar.ks-gmbh.info\/?s={search_term_string}"},"query-input":{"@type":"PropertyValueSpecification","valueRequired":true,"valueName":"search_term_string"}}],"inLanguage":"en-GB"},{"@type":"Organization","@id":"https:\/\/ks-kretschmar.ks-gmbh.info\/#organization","name":"Kretschmar Schlafsysteme","url":"https:\/\/ks-kretschmar.ks-gmbh.info\/","logo":{"@type":"ImageObject","inLanguage":"en-GB","@id":"https:\/\/ks-kretschmar.ks-gmbh.info\/#\/schema\/logo\/image\/","url":"https:\/\/ks-kretschmar.ks-gmbh.info\/wp-content\/uploads\/2020\/02\/cropped-Unbenannt-1.png","contentUrl":"https:\/\/ks-kretschmar.ks-gmbh.info\/wp-content\/uploads\/2020\/02\/cropped-Unbenannt-1.png","width":2016,"height":508,"caption":"Kretschmar Schlafsysteme"},"image":{"@id":"https:\/\/ks-kretschmar.ks-gmbh.info\/#\/schema\/logo\/image\/"}}]}},"_links":{"self":[{"href":"http:\/\/ks-kretschmar.ks-gmbh.info\/en\/wp-json\/wp\/v2\/pages\/659","targetHints":{"allow":["GET"]}}],"collection":[{"href":"http:\/\/ks-kretschmar.ks-gmbh.info\/en\/wp-json\/wp\/v2\/pages"}],"about":[{"href":"http:\/\/ks-kretschmar.ks-gmbh.info\/en\/wp-json\/wp\/v2\/types\/page"}],"author":[{"embeddable":true,"href":"http:\/\/ks-kretschmar.ks-gmbh.info\/en\/wp-json\/wp\/v2\/users\/1"}],"replies":[{"embeddable":true,"href":"http:\/\/ks-kretschmar.ks-gmbh.info\/en\/wp-json\/wp\/v2\/comments?post=659"}],"version-history":[{"count":13,"href":"http:\/\/ks-kretschmar.ks-gmbh.info\/en\/wp-json\/wp\/v2\/pages\/659\/revisions"}],"predecessor-version":[{"id":6089,"href":"http:\/\/ks-kretschmar.ks-gmbh.info\/en\/wp-json\/wp\/v2\/pages\/659\/revisions\/6089"}],"wp:attachment":[{"href":"http:\/\/ks-kretschmar.ks-gmbh.info\/en\/wp-json\/wp\/v2\/media?parent=659"}],"curies":[{"name":"wp","href":"https:\/\/api.w.org\/{rel}","templated":true}]}}