{"id":891,"date":"2020-04-21T09:09:34","date_gmt":"2020-04-21T09:09:34","guid":{"rendered":"http:\/\/ks-kretschmar.ks-gmbh.info\/?page_id=891"},"modified":"2020-04-23T14:02:31","modified_gmt":"2020-04-23T14:02:31","slug":"80145-2","status":"publish","type":"page","link":"http:\/\/ks-kretschmar.ks-gmbh.info\/en\/80145-2\/","title":{"rendered":"80145| Favorit KF"},"content":{"rendered":"<div data-elementor-type=\"wp-page\" data-elementor-id=\"891\" class=\"elementor elementor-891\">\n\t\t\t\t\t\t<section class=\"elementor-section elementor-top-section elementor-element elementor-element-7d0ae0e0 elementor-section-boxed elementor-section-height-default elementor-section-height-default\" data-id=\"7d0ae0e0\" data-element_type=\"section\">\n\t\t\t\t\t\t<div class=\"elementor-container elementor-column-gap-default\">\n\t\t\t\t\t<div class=\"elementor-column elementor-col-100 elementor-top-column elementor-element elementor-element-8023bd2\" data-id=\"8023bd2\" data-element_type=\"column\">\n\t\t\t<div class=\"elementor-widget-wrap elementor-element-populated\">\n\t\t\t\t\t\t<section class=\"elementor-section elementor-inner-section elementor-element elementor-element-720d1fb1 elementor-section-boxed elementor-section-height-default elementor-section-height-default\" data-id=\"720d1fb1\" data-element_type=\"section\">\n\t\t\t\t\t\t<div class=\"elementor-container elementor-column-gap-default\">\n\t\t\t\t\t<div class=\"elementor-column elementor-col-50 elementor-inner-column elementor-element elementor-element-3e625b3b\" data-id=\"3e625b3b\" data-element_type=\"column\">\n\t\t\t<div class=\"elementor-widget-wrap elementor-element-populated\">\n\t\t\t\t\t\t<div class=\"elementor-element elementor-element-17a6ea94 elementor-widget elementor-widget-text-editor\" data-id=\"17a6ea94\" data-element_type=\"widget\" data-widget_type=\"text-editor.default\">\n\t\t\t\t<div class=\"elementor-widget-container\">\n\t\t\t\t\t\t\t\t\t<h1>Favorit KF<\/h1><p>Kopf- und Fu\u00dfverstellung<\/p><p>28 Federholzleisten<\/p><p>bis 140 cm Breite<\/p>\t\t\t\t\t\t\t\t<\/div>\n\t\t\t\t<\/div>\n\t\t\t\t\t<\/div>\n\t\t<\/div>\n\t\t\t\t<div class=\"elementor-column elementor-col-50 elementor-inner-column elementor-element elementor-element-1c484839\" data-id=\"1c484839\" data-element_type=\"column\">\n\t\t\t<div class=\"elementor-widget-wrap elementor-element-populated\">\n\t\t\t\t\t\t<div class=\"elementor-element elementor-element-3de89065 elementor-widget elementor-widget-text-editor\" data-id=\"3de89065\" data-element_type=\"widget\" data-widget_type=\"text-editor.default\">\n\t\t\t\t<div class=\"elementor-widget-container\">\n\t\t\t\t\t\t\t\t\t<h3 style=\"text-align: center;\">Widths<\/h3><p style=\"text-align: center;\">80<\/p><p style=\"text-align: center;\">90<\/p><p style=\"text-align: center;\">100<\/p><p style=\"text-align: center;\">120<\/p><p style=\"text-align: center;\">140<\/p>\t\t\t\t\t\t\t\t<\/div>\n\t\t\t\t<\/div>\n\t\t\t\t\t<\/div>\n\t\t<\/div>\n\t\t\t\t\t<\/div>\n\t\t<\/section>\n\t\t\t\t<div class=\"elementor-element elementor-element-70542004 elementor-widget elementor-widget-image\" data-id=\"70542004\" data-element_type=\"widget\" data-widget_type=\"image.default\">\n\t\t\t\t<div class=\"elementor-widget-container\">\n\t\t\t\t\t\t\t\t\t\t\t\t<figure class=\"wp-caption\">\n\t\t\t\t\t\t\t\t\t\t<img fetchpriority=\"high\" decoding=\"async\" width=\"2362\" height=\"1225\" src=\"https:\/\/ks-kretschmar.ks-gmbh.info\/wp-content\/uploads\/2020\/04\/IMG_0002.jpg\" class=\"attachment-full size-full wp-image-723\" alt=\"\" srcset=\"https:\/\/ks-kretschmar.ks-gmbh.info\/wp-content\/uploads\/2020\/04\/IMG_0002.jpg 2362w, https:\/\/ks-kretschmar.ks-gmbh.info\/wp-content\/uploads\/2020\/04\/IMG_0002-300x156.jpg 300w, https:\/\/ks-kretschmar.ks-gmbh.info\/wp-content\/uploads\/2020\/04\/IMG_0002-1024x531.jpg 1024w, https:\/\/ks-kretschmar.ks-gmbh.info\/wp-content\/uploads\/2020\/04\/IMG_0002-768x398.jpg 768w, https:\/\/ks-kretschmar.ks-gmbh.info\/wp-content\/uploads\/2020\/04\/IMG_0002-1536x797.jpg 1536w, https:\/\/ks-kretschmar.ks-gmbh.info\/wp-content\/uploads\/2020\/04\/IMG_0002-2048x1062.jpg 2048w\" sizes=\"(max-width: 2362px) 100vw, 2362px\" \/>\t\t\t\t\t\t\t\t\t\t\t<figcaption class=\"widget-image-caption wp-caption-text\">Art.-Nr.: 80145<\/figcaption>\n\t\t\t\t\t\t\t\t\t\t<\/figure>\n\t\t\t\t\t\t\t\t\t<\/div>\n\t\t\t\t<\/div>\n\t\t\t\t\t<\/div>\n\t\t<\/div>\n\t\t\t\t\t<\/div>\n\t\t<\/section>\n\t\t\t\t<section class=\"elementor-section elementor-top-section elementor-element elementor-element-7c9bd172 elementor-section-boxed elementor-section-height-default elementor-section-height-default\" data-id=\"7c9bd172\" data-element_type=\"section\">\n\t\t\t\t\t\t<div class=\"elementor-container elementor-column-gap-default\">\n\t\t\t\t\t<div class=\"elementor-column elementor-col-100 elementor-top-column elementor-element elementor-element-33c7063c\" data-id=\"33c7063c\" data-element_type=\"column\">\n\t\t\t<div class=\"elementor-widget-wrap elementor-element-populated\">\n\t\t\t\t\t\t<section class=\"elementor-section elementor-inner-section elementor-element elementor-element-5b60389 elementor-section-boxed elementor-section-height-default elementor-section-height-default\" data-id=\"5b60389\" data-element_type=\"section\">\n\t\t\t\t\t\t<div class=\"elementor-container elementor-column-gap-default\">\n\t\t\t\t\t<div class=\"elementor-column elementor-col-50 elementor-inner-column elementor-element elementor-element-59f25f25\" data-id=\"59f25f25\" data-element_type=\"column\">\n\t\t\t<div class=\"elementor-widget-wrap elementor-element-populated\">\n\t\t\t\t\t\t<div class=\"elementor-element elementor-element-3ee1daf0 elementor-widget elementor-widget-text-editor\" data-id=\"3ee1daf0\" data-element_type=\"widget\" data-widget_type=\"text-editor.default\">\n\t\t\t\t<div class=\"elementor-widget-container\">\n\t\t\t\t\t\t\t\t\t<p>Nur aufgebaut lieferbar<\/p><p>Curved slats and frame in multilayer beech wood<\/p><p>Die Federholzleisten sind in drehbaren Kautschuk-Kappen gelagert<\/p><p>Die Leisten liegen auf dem Rahmen und haben dadurch<\/p><p>eine nat\u00fcrliche Begrenzung des Federweges<\/p><p>Stufenlose H\u00e4rteverstellung im R\u00fcckenbereich<\/p><p>Rahmenh\u00f6he 8 cm, mit Mittelgurt<\/p>\t\t\t\t\t\t\t\t<\/div>\n\t\t\t\t<\/div>\n\t\t\t\t\t<\/div>\n\t\t<\/div>\n\t\t\t\t<div class=\"elementor-column elementor-col-50 elementor-inner-column elementor-element elementor-element-a1adee7\" data-id=\"a1adee7\" data-element_type=\"column\">\n\t\t\t<div class=\"elementor-widget-wrap\">\n\t\t\t\t\t\t\t<\/div>\n\t\t<\/div>\n\t\t\t\t\t<\/div>\n\t\t<\/section>\n\t\t\t\t\t<\/div>\n\t\t<\/div>\n\t\t\t\t\t<\/div>\n\t\t<\/section>\n\t\t\t\t<\/div>","protected":false},"excerpt":{"rendered":"<p>Favorit KF Kopf- und Fu\u00dfverstellung 28 Federholzleisten bis 140 cm Breite Breiten 80 90 100 120 140 Art.-Nr.: 80145 Nur aufgebaut lieferbar Leisten und Rahmen aus Buche Schichtholz Die Federholzleisten sind in drehbaren Kautschuk-Kappen gelagert Die Leisten liegen auf dem Rahmen und haben dadurch eine nat\u00fcrliche Begrenzung des Federweges Stufenlose H\u00e4rteverstellung im R\u00fcckenbereich Rahmenh\u00f6he 8 [&hellip;]<\/p>","protected":false},"author":1,"featured_media":0,"parent":0,"menu_order":0,"comment_status":"closed","ping_status":"closed","template":"","meta":{"ocean_post_layout":"","ocean_both_sidebars_style":"","ocean_both_sidebars_content_width":0,"ocean_both_sidebars_sidebars_width":0,"ocean_sidebar":"0","ocean_second_sidebar":"0","ocean_disable_margins":"enable","ocean_add_body_class":"","ocean_shortcode_before_top_bar":"","ocean_shortcode_after_top_bar":"","ocean_shortcode_before_header":"","ocean_shortcode_after_header":"","ocean_has_shortcode":"","ocean_shortcode_after_title":"","ocean_shortcode_before_footer_widgets":"","ocean_shortcode_after_footer_widgets":"","ocean_shortcode_before_footer_bottom":"","ocean_shortcode_after_footer_bottom":"","ocean_display_top_bar":"default","ocean_display_header":"default","ocean_header_style":"","ocean_center_header_left_menu":"0","ocean_custom_header_template":"0","ocean_custom_logo":0,"ocean_custom_retina_logo":0,"ocean_custom_logo_max_width":0,"ocean_custom_logo_tablet_max_width":0,"ocean_custom_logo_mobile_max_width":0,"ocean_custom_logo_max_height":0,"ocean_custom_logo_tablet_max_height":0,"ocean_custom_logo_mobile_max_height":0,"ocean_header_custom_menu":"0","ocean_menu_typo_font_family":"0","ocean_menu_typo_font_subset":"","ocean_menu_typo_font_size":0,"ocean_menu_typo_font_size_tablet":0,"ocean_menu_typo_font_size_mobile":0,"ocean_menu_typo_font_size_unit":"px","ocean_menu_typo_font_weight":"","ocean_menu_typo_font_weight_tablet":"","ocean_menu_typo_font_weight_mobile":"","ocean_menu_typo_transform":"","ocean_menu_typo_transform_tablet":"","ocean_menu_typo_transform_mobile":"","ocean_menu_typo_line_height":0,"ocean_menu_typo_line_height_tablet":0,"ocean_menu_typo_line_height_mobile":0,"ocean_menu_typo_line_height_unit":"","ocean_menu_typo_spacing":0,"ocean_menu_typo_spacing_tablet":0,"ocean_menu_typo_spacing_mobile":0,"ocean_menu_typo_spacing_unit":"","ocean_menu_link_color":"","ocean_menu_link_color_hover":"","ocean_menu_link_color_active":"","ocean_menu_link_background":"","ocean_menu_link_hover_background":"","ocean_menu_link_active_background":"","ocean_menu_social_links_bg":"","ocean_menu_social_hover_links_bg":"","ocean_menu_social_links_color":"","ocean_menu_social_hover_links_color":"","ocean_disable_title":"default","ocean_disable_heading":"default","ocean_post_title":"","ocean_post_subheading":"","ocean_post_title_style":"","ocean_post_title_background_color":"","ocean_post_title_background":0,"ocean_post_title_bg_image_position":"","ocean_post_title_bg_image_attachment":"","ocean_post_title_bg_image_repeat":"","ocean_post_title_bg_image_size":"","ocean_post_title_height":0,"ocean_post_title_bg_overlay":0.5,"ocean_post_title_bg_overlay_color":"","ocean_disable_breadcrumbs":"default","ocean_breadcrumbs_color":"","ocean_breadcrumbs_separator_color":"","ocean_breadcrumbs_links_color":"","ocean_breadcrumbs_links_hover_color":"","ocean_display_footer_widgets":"default","ocean_display_footer_bottom":"default","ocean_custom_footer_template":"0","footnotes":""},"class_list":["post-891","page","type-page","status-publish","hentry","entry"],"yoast_head":"<!-- This site is optimized with the Yoast SEO plugin v26.6 - https:\/\/yoast.com\/wordpress\/plugins\/seo\/ -->\n<title>80145| Favorit KF - Kretschmar Schlafsysteme<\/title>\n<meta name=\"robots\" content=\"index, follow, max-snippet:-1, max-image-preview:large, max-video-preview:-1\" \/>\n<link rel=\"canonical\" href=\"https:\/\/ks-kretschmar.ks-gmbh.info\/en\/80145-2\/\" \/>\n<meta property=\"og:locale\" content=\"en_GB\" \/>\n<meta property=\"og:type\" content=\"article\" \/>\n<meta property=\"og:title\" content=\"80145| Favorit KF - Kretschmar Schlafsysteme\" \/>\n<meta property=\"og:description\" content=\"Favorit KF Kopf- und Fu\u00dfverstellung 28 Federholzleisten bis 140 cm Breite Breiten 80 90 100 120 140 Art.-Nr.: 80145 Nur aufgebaut lieferbar Leisten und Rahmen aus Buche Schichtholz Die Federholzleisten sind in drehbaren Kautschuk-Kappen gelagert Die Leisten liegen auf dem Rahmen und haben dadurch eine nat\u00fcrliche Begrenzung des Federweges Stufenlose H\u00e4rteverstellung im R\u00fcckenbereich Rahmenh\u00f6he 8 [&hellip;]\" \/>\n<meta property=\"og:url\" content=\"https:\/\/ks-kretschmar.ks-gmbh.info\/en\/80145-2\/\" \/>\n<meta property=\"og:site_name\" content=\"Kretschmar Schlafsysteme\" \/>\n<meta property=\"article:modified_time\" content=\"2020-04-23T14:02:31+00:00\" \/>\n<meta property=\"og:image\" content=\"http:\/\/ks-kretschmar.ks-gmbh.info\/wp-content\/uploads\/2020\/04\/IMG_0002.jpg\" \/>\n<meta name=\"twitter:card\" content=\"summary_large_image\" \/>\n<script type=\"application\/ld+json\" class=\"yoast-schema-graph\">{\"@context\":\"https:\/\/schema.org\",\"@graph\":[{\"@type\":\"WebPage\",\"@id\":\"https:\/\/ks-kretschmar.ks-gmbh.info\/80145-2\/\",\"url\":\"https:\/\/ks-kretschmar.ks-gmbh.info\/80145-2\/\",\"name\":\"80145| Favorit KF - Kretschmar Schlafsysteme\",\"isPartOf\":{\"@id\":\"https:\/\/ks-kretschmar.ks-gmbh.info\/#website\"},\"primaryImageOfPage\":{\"@id\":\"https:\/\/ks-kretschmar.ks-gmbh.info\/80145-2\/#primaryimage\"},\"image\":{\"@id\":\"https:\/\/ks-kretschmar.ks-gmbh.info\/80145-2\/#primaryimage\"},\"thumbnailUrl\":\"http:\/\/ks-kretschmar.ks-gmbh.info\/wp-content\/uploads\/2020\/04\/IMG_0002.jpg\",\"datePublished\":\"2020-04-21T09:09:34+00:00\",\"dateModified\":\"2020-04-23T14:02:31+00:00\",\"breadcrumb\":{\"@id\":\"https:\/\/ks-kretschmar.ks-gmbh.info\/80145-2\/#breadcrumb\"},\"inLanguage\":\"en-GB\",\"potentialAction\":[{\"@type\":\"ReadAction\",\"target\":[\"https:\/\/ks-kretschmar.ks-gmbh.info\/80145-2\/\"]}]},{\"@type\":\"ImageObject\",\"inLanguage\":\"en-GB\",\"@id\":\"https:\/\/ks-kretschmar.ks-gmbh.info\/80145-2\/#primaryimage\",\"url\":\"http:\/\/ks-kretschmar.ks-gmbh.info\/wp-content\/uploads\/2020\/04\/IMG_0002.jpg\",\"contentUrl\":\"http:\/\/ks-kretschmar.ks-gmbh.info\/wp-content\/uploads\/2020\/04\/IMG_0002.jpg\"},{\"@type\":\"BreadcrumbList\",\"@id\":\"https:\/\/ks-kretschmar.ks-gmbh.info\/80145-2\/#breadcrumb\",\"itemListElement\":[{\"@type\":\"ListItem\",\"position\":1,\"name\":\"Startseite\",\"item\":\"https:\/\/ks-kretschmar.ks-gmbh.info\/\"},{\"@type\":\"ListItem\",\"position\":2,\"name\":\"80145| Favorit KF\"}]},{\"@type\":\"WebSite\",\"@id\":\"https:\/\/ks-kretschmar.ks-gmbh.info\/#website\",\"url\":\"https:\/\/ks-kretschmar.ks-gmbh.info\/\",\"name\":\"Kretschmar Schlafsysteme\",\"description\":\"\",\"publisher\":{\"@id\":\"https:\/\/ks-kretschmar.ks-gmbh.info\/#organization\"},\"potentialAction\":[{\"@type\":\"SearchAction\",\"target\":{\"@type\":\"EntryPoint\",\"urlTemplate\":\"https:\/\/ks-kretschmar.ks-gmbh.info\/?s={search_term_string}\"},\"query-input\":{\"@type\":\"PropertyValueSpecification\",\"valueRequired\":true,\"valueName\":\"search_term_string\"}}],\"inLanguage\":\"en-GB\"},{\"@type\":\"Organization\",\"@id\":\"https:\/\/ks-kretschmar.ks-gmbh.info\/#organization\",\"name\":\"Kretschmar Schlafsysteme\",\"url\":\"https:\/\/ks-kretschmar.ks-gmbh.info\/\",\"logo\":{\"@type\":\"ImageObject\",\"inLanguage\":\"en-GB\",\"@id\":\"https:\/\/ks-kretschmar.ks-gmbh.info\/#\/schema\/logo\/image\/\",\"url\":\"https:\/\/ks-kretschmar.ks-gmbh.info\/wp-content\/uploads\/2020\/02\/cropped-Unbenannt-1.png\",\"contentUrl\":\"https:\/\/ks-kretschmar.ks-gmbh.info\/wp-content\/uploads\/2020\/02\/cropped-Unbenannt-1.png\",\"width\":2016,\"height\":508,\"caption\":\"Kretschmar Schlafsysteme\"},\"image\":{\"@id\":\"https:\/\/ks-kretschmar.ks-gmbh.info\/#\/schema\/logo\/image\/\"}}]}<\/script>\n<!-- \/ Yoast SEO plugin. -->","yoast_head_json":{"title":"80145| Favorit KF - Kretschmar Schlafsysteme","robots":{"index":"index","follow":"follow","max-snippet":"max-snippet:-1","max-image-preview":"max-image-preview:large","max-video-preview":"max-video-preview:-1"},"canonical":"https:\/\/ks-kretschmar.ks-gmbh.info\/en\/80145-2\/","og_locale":"en_GB","og_type":"article","og_title":"80145| Favorit KF - Kretschmar Schlafsysteme","og_description":"Favorit KF Kopf- und Fu\u00dfverstellung 28 Federholzleisten bis 140 cm Breite Breiten 80 90 100 120 140 Art.-Nr.: 80145 Nur aufgebaut lieferbar Leisten und Rahmen aus Buche Schichtholz Die Federholzleisten sind in drehbaren Kautschuk-Kappen gelagert Die Leisten liegen auf dem Rahmen und haben dadurch eine nat\u00fcrliche Begrenzung des Federweges Stufenlose H\u00e4rteverstellung im R\u00fcckenbereich Rahmenh\u00f6he 8 [&hellip;]","og_url":"https:\/\/ks-kretschmar.ks-gmbh.info\/en\/80145-2\/","og_site_name":"Kretschmar Schlafsysteme","article_modified_time":"2020-04-23T14:02:31+00:00","og_image":[{"url":"http:\/\/ks-kretschmar.ks-gmbh.info\/wp-content\/uploads\/2020\/04\/IMG_0002.jpg","type":"","width":"","height":""}],"twitter_card":"summary_large_image","schema":{"@context":"https:\/\/schema.org","@graph":[{"@type":"WebPage","@id":"https:\/\/ks-kretschmar.ks-gmbh.info\/80145-2\/","url":"https:\/\/ks-kretschmar.ks-gmbh.info\/80145-2\/","name":"80145| Favorit KF - Kretschmar Schlafsysteme","isPartOf":{"@id":"https:\/\/ks-kretschmar.ks-gmbh.info\/#website"},"primaryImageOfPage":{"@id":"https:\/\/ks-kretschmar.ks-gmbh.info\/80145-2\/#primaryimage"},"image":{"@id":"https:\/\/ks-kretschmar.ks-gmbh.info\/80145-2\/#primaryimage"},"thumbnailUrl":"http:\/\/ks-kretschmar.ks-gmbh.info\/wp-content\/uploads\/2020\/04\/IMG_0002.jpg","datePublished":"2020-04-21T09:09:34+00:00","dateModified":"2020-04-23T14:02:31+00:00","breadcrumb":{"@id":"https:\/\/ks-kretschmar.ks-gmbh.info\/80145-2\/#breadcrumb"},"inLanguage":"en-GB","potentialAction":[{"@type":"ReadAction","target":["https:\/\/ks-kretschmar.ks-gmbh.info\/80145-2\/"]}]},{"@type":"ImageObject","inLanguage":"en-GB","@id":"https:\/\/ks-kretschmar.ks-gmbh.info\/80145-2\/#primaryimage","url":"http:\/\/ks-kretschmar.ks-gmbh.info\/wp-content\/uploads\/2020\/04\/IMG_0002.jpg","contentUrl":"http:\/\/ks-kretschmar.ks-gmbh.info\/wp-content\/uploads\/2020\/04\/IMG_0002.jpg"},{"@type":"BreadcrumbList","@id":"https:\/\/ks-kretschmar.ks-gmbh.info\/80145-2\/#breadcrumb","itemListElement":[{"@type":"ListItem","position":1,"name":"Startseite","item":"https:\/\/ks-kretschmar.ks-gmbh.info\/"},{"@type":"ListItem","position":2,"name":"80145| Favorit KF"}]},{"@type":"WebSite","@id":"https:\/\/ks-kretschmar.ks-gmbh.info\/#website","url":"https:\/\/ks-kretschmar.ks-gmbh.info\/","name":"Kretschmar Schlafsysteme","description":"","publisher":{"@id":"https:\/\/ks-kretschmar.ks-gmbh.info\/#organization"},"potentialAction":[{"@type":"SearchAction","target":{"@type":"EntryPoint","urlTemplate":"https:\/\/ks-kretschmar.ks-gmbh.info\/?s={search_term_string}"},"query-input":{"@type":"PropertyValueSpecification","valueRequired":true,"valueName":"search_term_string"}}],"inLanguage":"en-GB"},{"@type":"Organization","@id":"https:\/\/ks-kretschmar.ks-gmbh.info\/#organization","name":"Kretschmar Schlafsysteme","url":"https:\/\/ks-kretschmar.ks-gmbh.info\/","logo":{"@type":"ImageObject","inLanguage":"en-GB","@id":"https:\/\/ks-kretschmar.ks-gmbh.info\/#\/schema\/logo\/image\/","url":"https:\/\/ks-kretschmar.ks-gmbh.info\/wp-content\/uploads\/2020\/02\/cropped-Unbenannt-1.png","contentUrl":"https:\/\/ks-kretschmar.ks-gmbh.info\/wp-content\/uploads\/2020\/02\/cropped-Unbenannt-1.png","width":2016,"height":508,"caption":"Kretschmar Schlafsysteme"},"image":{"@id":"https:\/\/ks-kretschmar.ks-gmbh.info\/#\/schema\/logo\/image\/"}}]}},"_links":{"self":[{"href":"http:\/\/ks-kretschmar.ks-gmbh.info\/en\/wp-json\/wp\/v2\/pages\/891","targetHints":{"allow":["GET"]}}],"collection":[{"href":"http:\/\/ks-kretschmar.ks-gmbh.info\/en\/wp-json\/wp\/v2\/pages"}],"about":[{"href":"http:\/\/ks-kretschmar.ks-gmbh.info\/en\/wp-json\/wp\/v2\/types\/page"}],"author":[{"embeddable":true,"href":"http:\/\/ks-kretschmar.ks-gmbh.info\/en\/wp-json\/wp\/v2\/users\/1"}],"replies":[{"embeddable":true,"href":"http:\/\/ks-kretschmar.ks-gmbh.info\/en\/wp-json\/wp\/v2\/comments?post=891"}],"version-history":[{"count":12,"href":"http:\/\/ks-kretschmar.ks-gmbh.info\/en\/wp-json\/wp\/v2\/pages\/891\/revisions"}],"predecessor-version":[{"id":1261,"href":"http:\/\/ks-kretschmar.ks-gmbh.info\/en\/wp-json\/wp\/v2\/pages\/891\/revisions\/1261"}],"wp:attachment":[{"href":"http:\/\/ks-kretschmar.ks-gmbh.info\/en\/wp-json\/wp\/v2\/media?parent=891"}],"curies":[{"name":"wp","href":"https:\/\/api.w.org\/{rel}","templated":true}]}}