{"id":3945,"date":"2021-03-09T20:55:16","date_gmt":"2021-03-09T20:55:16","guid":{"rendered":"http:\/\/ks-kretschmar.ks-gmbh.info\/?page_id=3945"},"modified":"2021-03-09T23:20:50","modified_gmt":"2021-03-09T23:20:50","slug":"korpus-bezug-wechseln-solin","status":"publish","type":"page","link":"https:\/\/ks-kretschmar.ks-gmbh.info\/en\/korpus-bezug-wechseln-solin\/","title":{"rendered":"Korpus-Bezug-Wechseln-Solin"},"content":{"rendered":"<div data-elementor-type=\"wp-page\" data-elementor-id=\"3945\" class=\"elementor elementor-3945\">\n\t\t\t\t\t\t<section class=\"elementor-section elementor-top-section elementor-element elementor-element-7e11fb91 elementor-section-boxed elementor-section-height-default elementor-section-height-default\" data-id=\"7e11fb91\" data-element_type=\"section\">\n\t\t\t\t\t\t<div class=\"elementor-container elementor-column-gap-default\">\n\t\t\t\t\t<div class=\"elementor-column elementor-col-100 elementor-top-column elementor-element elementor-element-3c874eec\" data-id=\"3c874eec\" data-element_type=\"column\">\n\t\t\t<div class=\"elementor-widget-wrap elementor-element-populated\">\n\t\t\t\t\t\t<div class=\"elementor-element elementor-element-3753dbd9 elementor-widget elementor-widget-heading\" data-id=\"3753dbd9\" data-element_type=\"widget\" data-widget_type=\"heading.default\">\n\t\t\t\t<div class=\"elementor-widget-container\">\n\t\t\t\t\t<h1 class=\"elementor-heading-title elementor-size-xxl\">Removable upholstery covers<\/h1>\t\t\t\t<\/div>\n\t\t\t\t<\/div>\n\t\t\t\t\t<\/div>\n\t\t<\/div>\n\t\t\t\t\t<\/div>\n\t\t<\/section>\n\t\t\t\t<section class=\"elementor-section elementor-top-section elementor-element elementor-element-29df6df0 elementor-section-boxed elementor-section-height-default elementor-section-height-default\" data-id=\"29df6df0\" data-element_type=\"section\">\n\t\t\t\t\t\t<div class=\"elementor-container elementor-column-gap-default\">\n\t\t\t\t\t<div class=\"elementor-column elementor-col-100 elementor-top-column elementor-element elementor-element-1e197620\" data-id=\"1e197620\" data-element_type=\"column\">\n\t\t\t<div class=\"elementor-widget-wrap elementor-element-populated\">\n\t\t\t\t\t\t<div class=\"elementor-element elementor-element-9d9ca4c elementor-widget elementor-widget-text-editor\" data-id=\"9d9ca4c\" data-element_type=\"widget\" data-widget_type=\"text-editor.default\">\n\t\t\t\t<div class=\"elementor-widget-container\">\n\t\t\t\t\t\t\t\t\t<p class=\"translation-block\">As a special highlight, our Solin upholstered bed has removable upholstery covers in the carcass and headboard area. The cover is attached with hook and loop tape and can be fitted or changed in a few easy steps without any manual skills. This results in the following advantages:<\/p><ul><li>The cover is cleanable<\/li><li>Transport damage can be easily corrected<\/li><li>A new cover can be fitted if damaged during use or by pets<\/li><li>If the colour does not fit as desired, it is sufficient to change the cover, a complete exchange is not necessary.<\/li><\/ul>\t\t\t\t\t\t\t\t<\/div>\n\t\t\t\t<\/div>\n\t\t\t\t\t<\/div>\n\t\t<\/div>\n\t\t\t\t\t<\/div>\n\t\t<\/section>\n\t\t\t\t<section class=\"elementor-section elementor-top-section elementor-element elementor-element-5d1638e4 elementor-section-boxed elementor-section-height-default elementor-section-height-default\" data-id=\"5d1638e4\" data-element_type=\"section\">\n\t\t\t\t\t\t<div class=\"elementor-container elementor-column-gap-default\">\n\t\t\t\t\t<div class=\"elementor-column elementor-col-100 elementor-top-column elementor-element elementor-element-3baed88e\" data-id=\"3baed88e\" data-element_type=\"column\">\n\t\t\t<div class=\"elementor-widget-wrap elementor-element-populated\">\n\t\t\t\t\t\t<section class=\"elementor-section elementor-inner-section elementor-element elementor-element-23c93876 elementor-section-boxed elementor-section-height-default elementor-section-height-default\" data-id=\"23c93876\" data-element_type=\"section\">\n\t\t\t\t\t\t<div class=\"elementor-container elementor-column-gap-default\">\n\t\t\t\t\t<div class=\"elementor-column elementor-col-50 elementor-inner-column elementor-element elementor-element-7da162c7\" data-id=\"7da162c7\" data-element_type=\"column\">\n\t\t\t<div class=\"elementor-widget-wrap elementor-element-populated\">\n\t\t\t\t\t\t<div class=\"elementor-element elementor-element-aad7cbe elementor-widget elementor-widget-image\" data-id=\"aad7cbe\" data-element_type=\"widget\" data-widget_type=\"image.default\">\n\t\t\t\t<div class=\"elementor-widget-container\">\n\t\t\t\t\t\t\t\t\t\t\t\t<figure class=\"wp-caption\">\n\t\t\t\t\t\t\t\t\t\t<img fetchpriority=\"high\" decoding=\"async\" width=\"1024\" height=\"682\" src=\"https:\/\/ks-kretschmar.ks-gmbh.info\/wp-content\/uploads\/2020\/05\/gKairo-15-1-1-1024x682.jpg\" class=\"attachment-large size-large wp-image-1747\" alt=\"\" srcset=\"https:\/\/ks-kretschmar.ks-gmbh.info\/wp-content\/uploads\/2020\/05\/gKairo-15-1-1-1024x682.jpg 1024w, https:\/\/ks-kretschmar.ks-gmbh.info\/wp-content\/uploads\/2020\/05\/gKairo-15-1-1-300x200.jpg 300w, https:\/\/ks-kretschmar.ks-gmbh.info\/wp-content\/uploads\/2020\/05\/gKairo-15-1-1-768x511.jpg 768w, https:\/\/ks-kretschmar.ks-gmbh.info\/wp-content\/uploads\/2020\/05\/gKairo-15-1-1-1536x1023.jpg 1536w, https:\/\/ks-kretschmar.ks-gmbh.info\/wp-content\/uploads\/2020\/05\/gKairo-15-1-1.jpg 1753w\" sizes=\"(max-width: 1024px) 100vw, 1024px\" \/>\t\t\t\t\t\t\t\t\t\t\t<figcaption class=\"widget-image-caption wp-caption-text\">All-round cover without mounting gap on the foot section<\/figcaption>\n\t\t\t\t\t\t\t\t\t\t<\/figure>\n\t\t\t\t\t\t\t\t\t<\/div>\n\t\t\t\t<\/div>\n\t\t\t\t\t<\/div>\n\t\t<\/div>\n\t\t\t\t<div class=\"elementor-column elementor-col-50 elementor-inner-column elementor-element elementor-element-589ad70d\" data-id=\"589ad70d\" data-element_type=\"column\">\n\t\t\t<div class=\"elementor-widget-wrap\">\n\t\t\t\t\t\t\t<\/div>\n\t\t<\/div>\n\t\t\t\t\t<\/div>\n\t\t<\/section>\n\t\t\t\t\t<\/div>\n\t\t<\/div>\n\t\t\t\t\t<\/div>\n\t\t<\/section>\n\t\t\t\t<section class=\"elementor-section elementor-top-section elementor-element elementor-element-7640e465 elementor-section-boxed elementor-section-height-default elementor-section-height-default\" data-id=\"7640e465\" data-element_type=\"section\">\n\t\t\t\t\t\t<div class=\"elementor-container elementor-column-gap-default\">\n\t\t\t\t\t<div class=\"elementor-column elementor-col-100 elementor-top-column elementor-element elementor-element-29b6ef52\" data-id=\"29b6ef52\" data-element_type=\"column\">\n\t\t\t<div class=\"elementor-widget-wrap elementor-element-populated\">\n\t\t\t\t\t\t<div class=\"elementor-element elementor-element-2bd63913 elementor-widget elementor-widget-text-editor\" data-id=\"2bd63913\" data-element_type=\"widget\" data-widget_type=\"text-editor.default\">\n\t\t\t\t<div class=\"elementor-widget-container\">\n\t\t\t\t\t\t\t\t\t<p style=\"text-align: left;\">The headboard is supplied <strong>with<\/strong> a pre-assembled cover. The headboard cover can be changed by means of a zip fastener on the underside. The corpus parts are delivered <strong>without<\/strong> pre-assembled cover, the cover is fitted in a few simple steps when the bed is set up.<\/p>\t\t\t\t\t\t\t\t<\/div>\n\t\t\t\t<\/div>\n\t\t\t\t\t<\/div>\n\t\t<\/div>\n\t\t\t\t\t<\/div>\n\t\t<\/section>\n\t\t\t\t<section class=\"elementor-section elementor-top-section elementor-element elementor-element-379afcb9 elementor-section-boxed elementor-section-height-default elementor-section-height-default\" data-id=\"379afcb9\" data-element_type=\"section\">\n\t\t\t\t\t\t<div class=\"elementor-container elementor-column-gap-default\">\n\t\t\t\t\t<div class=\"elementor-column elementor-col-100 elementor-top-column elementor-element elementor-element-1b6fcac7\" data-id=\"1b6fcac7\" data-element_type=\"column\">\n\t\t\t<div class=\"elementor-widget-wrap elementor-element-populated\">\n\t\t\t\t\t\t<div class=\"elementor-element elementor-element-3ecd3342 elementor-arrows-position-inside elementor-pagination-position-outside elementor-widget elementor-widget-image-carousel\" data-id=\"3ecd3342\" data-element_type=\"widget\" data-settings=\"{&quot;navigation&quot;:&quot;both&quot;,&quot;autoplay&quot;:&quot;yes&quot;,&quot;pause_on_hover&quot;:&quot;yes&quot;,&quot;pause_on_interaction&quot;:&quot;yes&quot;,&quot;autoplay_speed&quot;:5000,&quot;infinite&quot;:&quot;yes&quot;,&quot;speed&quot;:500}\" data-widget_type=\"image-carousel.default\">\n\t\t\t\t<div class=\"elementor-widget-container\">\n\t\t\t\t\t\t\t<div class=\"elementor-image-carousel-wrapper swiper\" role=\"region\" aria-roledescription=\"carousel\" aria-label=\"Image Carousel\" dir=\"ltr\">\n\t\t\t<div class=\"elementor-image-carousel swiper-wrapper\" aria-live=\"off\">\n\t\t\t\t\t\t\t\t<div class=\"swiper-slide\" role=\"group\" aria-roledescription=\"slide\" aria-label=\"1 of 11\" data-no-translation-aria-label=\"\"><figure class=\"swiper-slide-inner\"><img decoding=\"async\" class=\"swiper-slide-image\" src=\"https:\/\/ks-kretschmar.ks-gmbh.info\/wp-content\/uploads\/2021\/03\/Sol-g001-300x200.jpg\" alt=\"Sol-g001\" \/><\/figure><\/div><div class=\"swiper-slide\" role=\"group\" aria-roledescription=\"slide\" aria-label=\"2 of 11\" data-no-translation-aria-label=\"\"><figure class=\"swiper-slide-inner\"><img decoding=\"async\" class=\"swiper-slide-image\" src=\"https:\/\/ks-kretschmar.ks-gmbh.info\/wp-content\/uploads\/2021\/03\/sol-g008-300x200.jpg\" alt=\"sol-g008\" \/><\/figure><\/div><div class=\"swiper-slide\" role=\"group\" aria-roledescription=\"slide\" aria-label=\"3 of 11\" data-no-translation-aria-label=\"\"><figure class=\"swiper-slide-inner\"><img decoding=\"async\" class=\"swiper-slide-image\" src=\"https:\/\/ks-kretschmar.ks-gmbh.info\/wp-content\/uploads\/2021\/03\/sol-g007-300x200.jpg\" alt=\"sol-g007\" \/><\/figure><\/div><div class=\"swiper-slide\" role=\"group\" aria-roledescription=\"slide\" aria-label=\"4 of 11\" data-no-translation-aria-label=\"\"><figure class=\"swiper-slide-inner\"><img decoding=\"async\" class=\"swiper-slide-image\" src=\"https:\/\/ks-kretschmar.ks-gmbh.info\/wp-content\/uploads\/2021\/03\/sol-g0081-300x200.jpg\" alt=\"sol-g0081\" \/><\/figure><\/div><div class=\"swiper-slide\" role=\"group\" aria-roledescription=\"slide\" aria-label=\"5 of 11\" data-no-translation-aria-label=\"\"><figure class=\"swiper-slide-inner\"><img decoding=\"async\" class=\"swiper-slide-image\" src=\"https:\/\/ks-kretschmar.ks-gmbh.info\/wp-content\/uploads\/2021\/03\/sol-g009-300x200.jpg\" alt=\"sol-g009\" \/><\/figure><\/div><div class=\"swiper-slide\" role=\"group\" aria-roledescription=\"slide\" aria-label=\"6 of 11\" data-no-translation-aria-label=\"\"><figure class=\"swiper-slide-inner\"><img decoding=\"async\" class=\"swiper-slide-image\" src=\"https:\/\/ks-kretschmar.ks-gmbh.info\/wp-content\/uploads\/2020\/05\/ggBez-OS-02-300x225.jpg\" alt=\"ggBez-OS-02\" \/><\/figure><\/div><div class=\"swiper-slide\" role=\"group\" aria-roledescription=\"slide\" aria-label=\"7 of 11\" data-no-translation-aria-label=\"\"><figure class=\"swiper-slide-inner\"><img decoding=\"async\" class=\"swiper-slide-image\" src=\"https:\/\/ks-kretschmar.ks-gmbh.info\/wp-content\/uploads\/2020\/05\/ggBez-OS-04-300x225.jpg\" alt=\"ggBez-OS-04\" \/><\/figure><\/div><div class=\"swiper-slide\" role=\"group\" aria-roledescription=\"slide\" aria-label=\"8 of 11\" data-no-translation-aria-label=\"\"><figure class=\"swiper-slide-inner\"><img decoding=\"async\" class=\"swiper-slide-image\" src=\"https:\/\/ks-kretschmar.ks-gmbh.info\/wp-content\/uploads\/2020\/05\/ggBez-OS-06-300x225.jpg\" alt=\"ggBez-OS-06\" \/><\/figure><\/div><div class=\"swiper-slide\" role=\"group\" aria-roledescription=\"slide\" aria-label=\"9 of 11\" data-no-translation-aria-label=\"\"><figure class=\"swiper-slide-inner\"><img decoding=\"async\" class=\"swiper-slide-image\" src=\"https:\/\/ks-kretschmar.ks-gmbh.info\/wp-content\/uploads\/2020\/05\/ggBez-OS-08-300x225.jpg\" alt=\"ggBez-OS-08\" \/><\/figure><\/div><div class=\"swiper-slide\" role=\"group\" aria-roledescription=\"slide\" aria-label=\"10 of 11\" data-no-translation-aria-label=\"\"><figure class=\"swiper-slide-inner\"><img decoding=\"async\" class=\"swiper-slide-image\" src=\"https:\/\/ks-kretschmar.ks-gmbh.info\/wp-content\/uploads\/2020\/05\/ggBez-OS-09-300x225.jpg\" alt=\"ggBez-OS-09\" \/><\/figure><\/div><div class=\"swiper-slide\" role=\"group\" aria-roledescription=\"slide\" aria-label=\"11 of 11\" data-no-translation-aria-label=\"\"><figure class=\"swiper-slide-inner\"><img decoding=\"async\" class=\"swiper-slide-image\" src=\"https:\/\/ks-kretschmar.ks-gmbh.info\/wp-content\/uploads\/2021\/03\/sol-g014-300x200.jpg\" alt=\"sol-g014\" \/><\/figure><\/div>\t\t\t<\/div>\n\t\t\t\t\t\t\t\t\t\t\t\t<div class=\"elementor-swiper-button elementor-swiper-button-prev\" role=\"button\" tabindex=\"0\">\n\t\t\t\t\t\t<i aria-hidden=\"true\" class=\"eicon-chevron-left\"><\/i>\t\t\t\t\t<\/div>\n\t\t\t\t\t<div class=\"elementor-swiper-button elementor-swiper-button-next\" role=\"button\" tabindex=\"0\">\n\t\t\t\t\t\t<i aria-hidden=\"true\" class=\"eicon-chevron-right\"><\/i>\t\t\t\t\t<\/div>\n\t\t\t\t\n\t\t\t\t\t\t\t\t\t<div class=\"swiper-pagination\"><\/div>\n\t\t\t\t\t\t\t\t\t<\/div>\n\t\t\t\t\t\t<\/div>\n\t\t\t\t<\/div>\n\t\t\t\t\t<\/div>\n\t\t<\/div>\n\t\t\t\t\t<\/div>\n\t\t<\/section>\n\t\t\t\t<\/div>","protected":false},"excerpt":{"rendered":"<p>Abnehmbare Polsterbez\u00fcge Als besonderes Highlight verf\u00fcgen unsere Polsterbett Solin \u00fcber abnehmbare Polsterbez\u00fcge im Bereich Korpus und Kopfteil. Der Bezug ist mit Flausch- und Klettband befestigt und kann ohne handwerkliche Kenntnisse mit wenigen Handgriffen montiert oder gewechselt werden. Daraus ergeben sich folgende Vorteile: Der Bezug ist reinigungsf\u00e4hig Transportsch\u00e4den k\u00f6nnen einfach korrigiert werden Bei Sch\u00e4den im Gebrauch [&hellip;]<\/p>","protected":false},"author":1,"featured_media":0,"parent":0,"menu_order":0,"comment_status":"closed","ping_status":"closed","template":"","meta":{"ocean_post_layout":"full-screen","ocean_both_sidebars_style":"","ocean_both_sidebars_content_width":0,"ocean_both_sidebars_sidebars_width":0,"ocean_sidebar":"0","ocean_second_sidebar":"0","ocean_disable_margins":"enable","ocean_add_body_class":"","ocean_shortcode_before_top_bar":"","ocean_shortcode_after_top_bar":"","ocean_shortcode_before_header":"","ocean_shortcode_after_header":"","ocean_has_shortcode":"","ocean_shortcode_after_title":"","ocean_shortcode_before_footer_widgets":"","ocean_shortcode_after_footer_widgets":"","ocean_shortcode_before_footer_bottom":"","ocean_shortcode_after_footer_bottom":"","ocean_display_top_bar":"default","ocean_display_header":"default","ocean_header_style":"","ocean_center_header_left_menu":"0","ocean_custom_header_template":"0","ocean_custom_logo":0,"ocean_custom_retina_logo":0,"ocean_custom_logo_max_width":0,"ocean_custom_logo_tablet_max_width":0,"ocean_custom_logo_mobile_max_width":0,"ocean_custom_logo_max_height":0,"ocean_custom_logo_tablet_max_height":0,"ocean_custom_logo_mobile_max_height":0,"ocean_header_custom_menu":"0","ocean_menu_typo_font_family":"0","ocean_menu_typo_font_subset":"","ocean_menu_typo_font_size":0,"ocean_menu_typo_font_size_tablet":0,"ocean_menu_typo_font_size_mobile":0,"ocean_menu_typo_font_size_unit":"px","ocean_menu_typo_font_weight":"","ocean_menu_typo_font_weight_tablet":"","ocean_menu_typo_font_weight_mobile":"","ocean_menu_typo_transform":"","ocean_menu_typo_transform_tablet":"","ocean_menu_typo_transform_mobile":"","ocean_menu_typo_line_height":0,"ocean_menu_typo_line_height_tablet":0,"ocean_menu_typo_line_height_mobile":0,"ocean_menu_typo_line_height_unit":"","ocean_menu_typo_spacing":0,"ocean_menu_typo_spacing_tablet":0,"ocean_menu_typo_spacing_mobile":0,"ocean_menu_typo_spacing_unit":"","ocean_menu_link_color":"","ocean_menu_link_color_hover":"","ocean_menu_link_color_active":"","ocean_menu_link_background":"","ocean_menu_link_hover_background":"","ocean_menu_link_active_background":"","ocean_menu_social_links_bg":"","ocean_menu_social_hover_links_bg":"","ocean_menu_social_links_color":"","ocean_menu_social_hover_links_color":"","ocean_disable_title":"default","ocean_disable_heading":"on","ocean_post_title":"","ocean_post_subheading":"","ocean_post_title_style":"","ocean_post_title_background_color":"","ocean_post_title_background":0,"ocean_post_title_bg_image_position":"","ocean_post_title_bg_image_attachment":"","ocean_post_title_bg_image_repeat":"","ocean_post_title_bg_image_size":"","ocean_post_title_height":0,"ocean_post_title_bg_overlay":0.5,"ocean_post_title_bg_overlay_color":"","ocean_disable_breadcrumbs":"default","ocean_breadcrumbs_color":"","ocean_breadcrumbs_separator_color":"","ocean_breadcrumbs_links_color":"","ocean_breadcrumbs_links_hover_color":"","ocean_display_footer_widgets":"default","ocean_display_footer_bottom":"default","ocean_custom_footer_template":"0","footnotes":""},"class_list":["post-3945","page","type-page","status-publish","hentry","entry"],"yoast_head":"<!-- This site is optimized with the Yoast SEO plugin v26.6 - https:\/\/yoast.com\/wordpress\/plugins\/seo\/ -->\n<title>Korpus-Bezug-Wechseln-Solin - Kretschmar Schlafsysteme<\/title>\n<meta name=\"robots\" content=\"index, follow, max-snippet:-1, max-image-preview:large, max-video-preview:-1\" \/>\n<link rel=\"canonical\" href=\"https:\/\/ks-kretschmar.ks-gmbh.info\/en\/korpus-bezug-wechseln-solin\/\" \/>\n<meta property=\"og:locale\" content=\"en_GB\" \/>\n<meta property=\"og:type\" content=\"article\" \/>\n<meta property=\"og:title\" content=\"Korpus-Bezug-Wechseln-Solin - Kretschmar Schlafsysteme\" \/>\n<meta property=\"og:description\" content=\"Abnehmbare Polsterbez\u00fcge Als besonderes Highlight verf\u00fcgen unsere Polsterbett Solin \u00fcber abnehmbare Polsterbez\u00fcge im Bereich Korpus und Kopfteil. Der Bezug ist mit Flausch- und Klettband befestigt und kann ohne handwerkliche Kenntnisse mit wenigen Handgriffen montiert oder gewechselt werden. Daraus ergeben sich folgende Vorteile: Der Bezug ist reinigungsf\u00e4hig Transportsch\u00e4den k\u00f6nnen einfach korrigiert werden Bei Sch\u00e4den im Gebrauch [&hellip;]\" \/>\n<meta property=\"og:url\" content=\"https:\/\/ks-kretschmar.ks-gmbh.info\/en\/korpus-bezug-wechseln-solin\/\" \/>\n<meta property=\"og:site_name\" content=\"Kretschmar Schlafsysteme\" \/>\n<meta property=\"article:modified_time\" content=\"2021-03-09T23:20:50+00:00\" \/>\n<meta property=\"og:image\" content=\"http:\/\/ks-kretschmar.ks-gmbh.info\/wp-content\/uploads\/2020\/05\/gKairo-15-1-1-1024x682.jpg\" \/>\n<meta name=\"twitter:card\" content=\"summary_large_image\" \/>\n<meta name=\"twitter:label1\" content=\"Estimated reading time\" \/>\n\t<meta name=\"twitter:data1\" content=\"5 minutes\" \/>\n<script type=\"application\/ld+json\" class=\"yoast-schema-graph\">{\"@context\":\"https:\/\/schema.org\",\"@graph\":[{\"@type\":\"WebPage\",\"@id\":\"https:\/\/ks-kretschmar.ks-gmbh.info\/korpus-bezug-wechseln-solin\/\",\"url\":\"https:\/\/ks-kretschmar.ks-gmbh.info\/korpus-bezug-wechseln-solin\/\",\"name\":\"Korpus-Bezug-Wechseln-Solin - Kretschmar Schlafsysteme\",\"isPartOf\":{\"@id\":\"https:\/\/ks-kretschmar.ks-gmbh.info\/#website\"},\"primaryImageOfPage\":{\"@id\":\"https:\/\/ks-kretschmar.ks-gmbh.info\/korpus-bezug-wechseln-solin\/#primaryimage\"},\"image\":{\"@id\":\"https:\/\/ks-kretschmar.ks-gmbh.info\/korpus-bezug-wechseln-solin\/#primaryimage\"},\"thumbnailUrl\":\"http:\/\/ks-kretschmar.ks-gmbh.info\/wp-content\/uploads\/2020\/05\/gKairo-15-1-1-1024x682.jpg\",\"datePublished\":\"2021-03-09T20:55:16+00:00\",\"dateModified\":\"2021-03-09T23:20:50+00:00\",\"breadcrumb\":{\"@id\":\"https:\/\/ks-kretschmar.ks-gmbh.info\/korpus-bezug-wechseln-solin\/#breadcrumb\"},\"inLanguage\":\"en-GB\",\"potentialAction\":[{\"@type\":\"ReadAction\",\"target\":[\"https:\/\/ks-kretschmar.ks-gmbh.info\/korpus-bezug-wechseln-solin\/\"]}]},{\"@type\":\"ImageObject\",\"inLanguage\":\"en-GB\",\"@id\":\"https:\/\/ks-kretschmar.ks-gmbh.info\/korpus-bezug-wechseln-solin\/#primaryimage\",\"url\":\"http:\/\/ks-kretschmar.ks-gmbh.info\/wp-content\/uploads\/2020\/05\/gKairo-15-1-1-1024x682.jpg\",\"contentUrl\":\"http:\/\/ks-kretschmar.ks-gmbh.info\/wp-content\/uploads\/2020\/05\/gKairo-15-1-1-1024x682.jpg\"},{\"@type\":\"BreadcrumbList\",\"@id\":\"https:\/\/ks-kretschmar.ks-gmbh.info\/korpus-bezug-wechseln-solin\/#breadcrumb\",\"itemListElement\":[{\"@type\":\"ListItem\",\"position\":1,\"name\":\"Startseite\",\"item\":\"https:\/\/ks-kretschmar.ks-gmbh.info\/\"},{\"@type\":\"ListItem\",\"position\":2,\"name\":\"Korpus-Bezug-Wechseln-Solin\"}]},{\"@type\":\"WebSite\",\"@id\":\"https:\/\/ks-kretschmar.ks-gmbh.info\/#website\",\"url\":\"https:\/\/ks-kretschmar.ks-gmbh.info\/\",\"name\":\"Kretschmar Schlafsysteme\",\"description\":\"\",\"publisher\":{\"@id\":\"https:\/\/ks-kretschmar.ks-gmbh.info\/#organization\"},\"potentialAction\":[{\"@type\":\"SearchAction\",\"target\":{\"@type\":\"EntryPoint\",\"urlTemplate\":\"https:\/\/ks-kretschmar.ks-gmbh.info\/?s={search_term_string}\"},\"query-input\":{\"@type\":\"PropertyValueSpecification\",\"valueRequired\":true,\"valueName\":\"search_term_string\"}}],\"inLanguage\":\"en-GB\"},{\"@type\":\"Organization\",\"@id\":\"https:\/\/ks-kretschmar.ks-gmbh.info\/#organization\",\"name\":\"Kretschmar Schlafsysteme\",\"url\":\"https:\/\/ks-kretschmar.ks-gmbh.info\/\",\"logo\":{\"@type\":\"ImageObject\",\"inLanguage\":\"en-GB\",\"@id\":\"https:\/\/ks-kretschmar.ks-gmbh.info\/#\/schema\/logo\/image\/\",\"url\":\"https:\/\/ks-kretschmar.ks-gmbh.info\/wp-content\/uploads\/2020\/02\/cropped-Unbenannt-1.png\",\"contentUrl\":\"https:\/\/ks-kretschmar.ks-gmbh.info\/wp-content\/uploads\/2020\/02\/cropped-Unbenannt-1.png\",\"width\":2016,\"height\":508,\"caption\":\"Kretschmar Schlafsysteme\"},\"image\":{\"@id\":\"https:\/\/ks-kretschmar.ks-gmbh.info\/#\/schema\/logo\/image\/\"}}]}<\/script>\n<!-- \/ Yoast SEO plugin. -->","yoast_head_json":{"title":"Korpus-Bezug-Wechseln-Solin - Kretschmar Schlafsysteme","robots":{"index":"index","follow":"follow","max-snippet":"max-snippet:-1","max-image-preview":"max-image-preview:large","max-video-preview":"max-video-preview:-1"},"canonical":"https:\/\/ks-kretschmar.ks-gmbh.info\/en\/korpus-bezug-wechseln-solin\/","og_locale":"en_GB","og_type":"article","og_title":"Korpus-Bezug-Wechseln-Solin - Kretschmar Schlafsysteme","og_description":"Abnehmbare Polsterbez\u00fcge Als besonderes Highlight verf\u00fcgen unsere Polsterbett Solin \u00fcber abnehmbare Polsterbez\u00fcge im Bereich Korpus und Kopfteil. Der Bezug ist mit Flausch- und Klettband befestigt und kann ohne handwerkliche Kenntnisse mit wenigen Handgriffen montiert oder gewechselt werden. Daraus ergeben sich folgende Vorteile: Der Bezug ist reinigungsf\u00e4hig Transportsch\u00e4den k\u00f6nnen einfach korrigiert werden Bei Sch\u00e4den im Gebrauch [&hellip;]","og_url":"https:\/\/ks-kretschmar.ks-gmbh.info\/en\/korpus-bezug-wechseln-solin\/","og_site_name":"Kretschmar Schlafsysteme","article_modified_time":"2021-03-09T23:20:50+00:00","og_image":[{"url":"http:\/\/ks-kretschmar.ks-gmbh.info\/wp-content\/uploads\/2020\/05\/gKairo-15-1-1-1024x682.jpg","type":"","width":"","height":""}],"twitter_card":"summary_large_image","twitter_misc":{"Estimated reading time":"5 minutes"},"schema":{"@context":"https:\/\/schema.org","@graph":[{"@type":"WebPage","@id":"https:\/\/ks-kretschmar.ks-gmbh.info\/korpus-bezug-wechseln-solin\/","url":"https:\/\/ks-kretschmar.ks-gmbh.info\/korpus-bezug-wechseln-solin\/","name":"Korpus-Bezug-Wechseln-Solin - Kretschmar Schlafsysteme","isPartOf":{"@id":"https:\/\/ks-kretschmar.ks-gmbh.info\/#website"},"primaryImageOfPage":{"@id":"https:\/\/ks-kretschmar.ks-gmbh.info\/korpus-bezug-wechseln-solin\/#primaryimage"},"image":{"@id":"https:\/\/ks-kretschmar.ks-gmbh.info\/korpus-bezug-wechseln-solin\/#primaryimage"},"thumbnailUrl":"http:\/\/ks-kretschmar.ks-gmbh.info\/wp-content\/uploads\/2020\/05\/gKairo-15-1-1-1024x682.jpg","datePublished":"2021-03-09T20:55:16+00:00","dateModified":"2021-03-09T23:20:50+00:00","breadcrumb":{"@id":"https:\/\/ks-kretschmar.ks-gmbh.info\/korpus-bezug-wechseln-solin\/#breadcrumb"},"inLanguage":"en-GB","potentialAction":[{"@type":"ReadAction","target":["https:\/\/ks-kretschmar.ks-gmbh.info\/korpus-bezug-wechseln-solin\/"]}]},{"@type":"ImageObject","inLanguage":"en-GB","@id":"https:\/\/ks-kretschmar.ks-gmbh.info\/korpus-bezug-wechseln-solin\/#primaryimage","url":"http:\/\/ks-kretschmar.ks-gmbh.info\/wp-content\/uploads\/2020\/05\/gKairo-15-1-1-1024x682.jpg","contentUrl":"http:\/\/ks-kretschmar.ks-gmbh.info\/wp-content\/uploads\/2020\/05\/gKairo-15-1-1-1024x682.jpg"},{"@type":"BreadcrumbList","@id":"https:\/\/ks-kretschmar.ks-gmbh.info\/korpus-bezug-wechseln-solin\/#breadcrumb","itemListElement":[{"@type":"ListItem","position":1,"name":"Startseite","item":"https:\/\/ks-kretschmar.ks-gmbh.info\/"},{"@type":"ListItem","position":2,"name":"Korpus-Bezug-Wechseln-Solin"}]},{"@type":"WebSite","@id":"https:\/\/ks-kretschmar.ks-gmbh.info\/#website","url":"https:\/\/ks-kretschmar.ks-gmbh.info\/","name":"Kretschmar Schlafsysteme","description":"","publisher":{"@id":"https:\/\/ks-kretschmar.ks-gmbh.info\/#organization"},"potentialAction":[{"@type":"SearchAction","target":{"@type":"EntryPoint","urlTemplate":"https:\/\/ks-kretschmar.ks-gmbh.info\/?s={search_term_string}"},"query-input":{"@type":"PropertyValueSpecification","valueRequired":true,"valueName":"search_term_string"}}],"inLanguage":"en-GB"},{"@type":"Organization","@id":"https:\/\/ks-kretschmar.ks-gmbh.info\/#organization","name":"Kretschmar Schlafsysteme","url":"https:\/\/ks-kretschmar.ks-gmbh.info\/","logo":{"@type":"ImageObject","inLanguage":"en-GB","@id":"https:\/\/ks-kretschmar.ks-gmbh.info\/#\/schema\/logo\/image\/","url":"https:\/\/ks-kretschmar.ks-gmbh.info\/wp-content\/uploads\/2020\/02\/cropped-Unbenannt-1.png","contentUrl":"https:\/\/ks-kretschmar.ks-gmbh.info\/wp-content\/uploads\/2020\/02\/cropped-Unbenannt-1.png","width":2016,"height":508,"caption":"Kretschmar Schlafsysteme"},"image":{"@id":"https:\/\/ks-kretschmar.ks-gmbh.info\/#\/schema\/logo\/image\/"}}]}},"_links":{"self":[{"href":"https:\/\/ks-kretschmar.ks-gmbh.info\/en\/wp-json\/wp\/v2\/pages\/3945","targetHints":{"allow":["GET"]}}],"collection":[{"href":"https:\/\/ks-kretschmar.ks-gmbh.info\/en\/wp-json\/wp\/v2\/pages"}],"about":[{"href":"https:\/\/ks-kretschmar.ks-gmbh.info\/en\/wp-json\/wp\/v2\/types\/page"}],"author":[{"embeddable":true,"href":"https:\/\/ks-kretschmar.ks-gmbh.info\/en\/wp-json\/wp\/v2\/users\/1"}],"replies":[{"embeddable":true,"href":"https:\/\/ks-kretschmar.ks-gmbh.info\/en\/wp-json\/wp\/v2\/comments?post=3945"}],"version-history":[{"count":31,"href":"https:\/\/ks-kretschmar.ks-gmbh.info\/en\/wp-json\/wp\/v2\/pages\/3945\/revisions"}],"predecessor-version":[{"id":4001,"href":"https:\/\/ks-kretschmar.ks-gmbh.info\/en\/wp-json\/wp\/v2\/pages\/3945\/revisions\/4001"}],"wp:attachment":[{"href":"https:\/\/ks-kretschmar.ks-gmbh.info\/en\/wp-json\/wp\/v2\/media?parent=3945"}],"curies":[{"name":"wp","href":"https:\/\/api.w.org\/{rel}","templated":true}]}}