{"id":7631,"date":"2026-04-07T19:42:49","date_gmt":"2026-04-07T19:42:49","guid":{"rendered":"https:\/\/ks-kretschmar.ks-gmbh.info\/?page_id=7631"},"modified":"2026-04-09T13:34:57","modified_gmt":"2026-04-09T13:34:57","slug":"vigo","status":"publish","type":"page","link":"https:\/\/ks-kretschmar.ks-gmbh.info\/en\/vigo\/","title":{"rendered":"Vigo"},"content":{"rendered":"<div data-elementor-type=\"wp-page\" data-elementor-id=\"7631\" class=\"elementor elementor-7631\">\n\t\t\t\t\t\t<section class=\"elementor-section elementor-top-section elementor-element elementor-element-37d68885 elementor-section-boxed elementor-section-height-default elementor-section-height-default\" data-id=\"37d68885\" data-element_type=\"section\">\n\t\t\t\t\t\t<div class=\"elementor-container elementor-column-gap-default\">\n\t\t\t\t\t<div class=\"elementor-column elementor-col-100 elementor-top-column elementor-element elementor-element-45af1a1a\" data-id=\"45af1a1a\" data-element_type=\"column\">\n\t\t\t<div class=\"elementor-widget-wrap elementor-element-populated\">\n\t\t\t\t\t\t<div class=\"elementor-element elementor-element-5349bed3 elementor-widget elementor-widget-heading\" data-id=\"5349bed3\" data-element_type=\"widget\" data-widget_type=\"heading.default\">\n\t\t\t\t<div class=\"elementor-widget-container\">\n\t\t\t\t\t<h2 class=\"elementor-heading-title elementor-size-default\">Polstertruhe Vigo<\/h2>\t\t\t\t<\/div>\n\t\t\t\t<\/div>\n\t\t\t\t\t<\/div>\n\t\t<\/div>\n\t\t\t\t\t<\/div>\n\t\t<\/section>\n\t\t\t\t<section class=\"elementor-section elementor-top-section elementor-element elementor-element-506c6dee elementor-section-boxed elementor-section-height-default elementor-section-height-default\" data-id=\"506c6dee\" data-element_type=\"section\">\n\t\t\t\t\t\t<div class=\"elementor-container elementor-column-gap-default\">\n\t\t\t\t\t<div class=\"elementor-column elementor-col-100 elementor-top-column elementor-element elementor-element-2367d0f2\" data-id=\"2367d0f2\" data-element_type=\"column\">\n\t\t\t<div class=\"elementor-widget-wrap elementor-element-populated\">\n\t\t\t\t<div class=\"elementor-element elementor-element-75bafa2 e-flex e-con-boxed e-con e-parent\" data-id=\"75bafa2\" data-element_type=\"container\">\n\t\t\t\t\t<div class=\"e-con-inner\">\n\t\t\t\t<div class=\"elementor-element elementor-element-01eb196 elementor-widget elementor-widget-image\" data-id=\"01eb196\" data-element_type=\"widget\" data-widget_type=\"image.default\">\n\t\t\t\t<div class=\"elementor-widget-container\">\n\t\t\t\t\t\t\t\t\t\t\t\t\t\t\t<img fetchpriority=\"high\" decoding=\"async\" width=\"900\" height=\"675\" src=\"https:\/\/ks-kretschmar.ks-gmbh.info\/wp-content\/uploads\/2026\/04\/gVigo-Oslo-01.jpg\" class=\"attachment-large size-large wp-image-7641\" alt=\"\" srcset=\"https:\/\/ks-kretschmar.ks-gmbh.info\/wp-content\/uploads\/2026\/04\/gVigo-Oslo-01.jpg 900w, https:\/\/ks-kretschmar.ks-gmbh.info\/wp-content\/uploads\/2026\/04\/gVigo-Oslo-01-300x225.jpg 300w, https:\/\/ks-kretschmar.ks-gmbh.info\/wp-content\/uploads\/2026\/04\/gVigo-Oslo-01-768x576.jpg 768w, https:\/\/ks-kretschmar.ks-gmbh.info\/wp-content\/uploads\/2026\/04\/gVigo-Oslo-01-16x12.jpg 16w\" sizes=\"(max-width: 900px) 100vw, 900px\" \/>\t\t\t\t\t\t\t\t\t\t\t\t\t\t\t<\/div>\n\t\t\t\t<\/div>\n\t\t\t\t\t<\/div>\n\t\t\t\t<\/div>\n\t\t\t\t\t<\/div>\n\t\t<\/div>\n\t\t\t\t\t<\/div>\n\t\t<\/section>\n\t\t\t\t<section class=\"elementor-section elementor-top-section elementor-element elementor-element-93ae7eb elementor-section-boxed elementor-section-height-default elementor-section-height-default\" data-id=\"93ae7eb\" data-element_type=\"section\">\n\t\t\t\t\t\t<div class=\"elementor-container elementor-column-gap-default\">\n\t\t\t\t\t<div class=\"elementor-column elementor-col-50 elementor-top-column elementor-element elementor-element-45be0a37\" data-id=\"45be0a37\" data-element_type=\"column\">\n\t\t\t<div class=\"elementor-widget-wrap elementor-element-populated\">\n\t\t\t\t\t\t<div class=\"elementor-element elementor-element-41bb2f44 elementor-widget elementor-widget-image\" data-id=\"41bb2f44\" data-element_type=\"widget\" data-widget_type=\"image.default\">\n\t\t\t\t<div class=\"elementor-widget-container\">\n\t\t\t\t\t\t\t\t\t\t\t\t\t\t\t<img decoding=\"async\" width=\"829\" height=\"592\" src=\"https:\/\/ks-kretschmar.ks-gmbh.info\/wp-content\/uploads\/2026\/04\/Vigo-01.jpg\" class=\"attachment-large size-large wp-image-7642\" alt=\"\" srcset=\"https:\/\/ks-kretschmar.ks-gmbh.info\/wp-content\/uploads\/2026\/04\/Vigo-01.jpg 829w, https:\/\/ks-kretschmar.ks-gmbh.info\/wp-content\/uploads\/2026\/04\/Vigo-01-300x214.jpg 300w, https:\/\/ks-kretschmar.ks-gmbh.info\/wp-content\/uploads\/2026\/04\/Vigo-01-768x548.jpg 768w, https:\/\/ks-kretschmar.ks-gmbh.info\/wp-content\/uploads\/2026\/04\/Vigo-01-18x12.jpg 18w\" sizes=\"(max-width: 829px) 100vw, 829px\" \/>\t\t\t\t\t\t\t\t\t\t\t\t\t\t\t<\/div>\n\t\t\t\t<\/div>\n\t\t\t\t\t<\/div>\n\t\t<\/div>\n\t\t\t\t<div class=\"elementor-column elementor-col-50 elementor-top-column elementor-element elementor-element-3bae07f4\" data-id=\"3bae07f4\" data-element_type=\"column\">\n\t\t\t<div class=\"elementor-widget-wrap elementor-element-populated\">\n\t\t\t\t\t\t<div class=\"elementor-element elementor-element-f2263f0 elementor-widget elementor-widget-text-editor\" data-id=\"f2263f0\" data-element_type=\"widget\" data-widget_type=\"text-editor.default\">\n\t\t\t\t<div class=\"elementor-widget-container\">\n\t\t\t\t\t\t\t\t\t<p>Die Polstertruhe <strong>Vigo<\/strong> ist Ideal als Ankleidebank mit zus\u00e4tzlichem Stauraum, passend zu allen Boxspring- und Polsterbetten. Sie kann mit gleichen F\u00fc\u00dfen und Stoff wie das Boxspringbett geliefert werden. <br \/>Die Sitzpolsterung besteht aus 25mm PU Schaum. Der Bezug ist mit Klett- und Flauschband befestigt und kann getauscht oder gereinigt werden. Das Gestell aus Seiten, Deckel und Boden werden aus 16mm Spanplatte gefertigt und ergibt eine sehr stabile Konstruktion.<\/p>\t\t\t\t\t\t\t\t<\/div>\n\t\t\t\t<\/div>\n\t\t\t\t<div class=\"elementor-element elementor-element-2d28b517 elementor-widget elementor-widget-text-editor\" data-id=\"2d28b517\" data-element_type=\"widget\" data-widget_type=\"text-editor.default\">\n\t\t\t\t<div class=\"elementor-widget-container\">\n\t\t\t\t\t\t\t\t\t<ul><li>Sitzh\u00f6heh\u00f6he ca. 50 cm<\/li><li>Breite Deckel 42 cm\u00a0<\/li><li>L\u00e4nge 100 \/ 120 \/ 140 \/ 160 \/ 180 \/ 200cm<\/li><li>Sitzpolsterung\u00a0 25mm PU Schaum<\/li><\/ul>\t\t\t\t\t\t\t\t<\/div>\n\t\t\t\t<\/div>\n\t\t\t\t\t<\/div>\n\t\t<\/div>\n\t\t\t\t\t<\/div>\n\t\t<\/section>\n\t\t\t\t<section class=\"elementor-section elementor-top-section elementor-element elementor-element-1d6026b0 elementor-section-boxed elementor-section-height-default elementor-section-height-default\" data-id=\"1d6026b0\" data-element_type=\"section\">\n\t\t\t\t\t\t<div class=\"elementor-container elementor-column-gap-default\">\n\t\t\t\t\t<div class=\"elementor-column elementor-col-100 elementor-top-column elementor-element elementor-element-9c77579\" data-id=\"9c77579\" data-element_type=\"column\">\n\t\t\t<div class=\"elementor-widget-wrap elementor-element-populated\">\n\t\t\t\t\t\t<div class=\"elementor-element elementor-element-1211a94c elementor-widget elementor-widget-image-gallery\" data-id=\"1211a94c\" data-element_type=\"widget\" data-widget_type=\"image-gallery.default\">\n\t\t\t\t<div class=\"elementor-widget-container\">\n\t\t\t\t\t\t\t<div class=\"elementor-image-gallery\">\n\t\t\t<div id='gallery-1' class='gallery galleryid-7631 gallery-columns-2 gallery-size-medium'><figure class='gallery-item'>\n\t\t\t<div class='gallery-icon portrait'>\n\t\t\t\t<a data-elementor-open-lightbox=\"yes\" data-elementor-lightbox-slideshow=\"1211a94c\" data-elementor-lightbox-title=\"Vigo-mass-01\" data-e-action-hash=\"#elementor-action%3Aaction%3Dlightbox%26settings%3DeyJpZCI6NzY0MywidXJsIjoiaHR0cHM6XC9cL2tzLWtyZXRzY2htYXIua3MtZ21iaC5pbmZvXC93cC1jb250ZW50XC91cGxvYWRzXC8yMDI2XC8wNFwvVmlnby1tYXNzLTAxLmpwZyIsInNsaWRlc2hvdyI6IjEyMTFhOTRjIn0%3D\" href='https:\/\/ks-kretschmar.ks-gmbh.info\/wp-content\/uploads\/2026\/04\/Vigo-mass-01.jpg'><img decoding=\"async\" width=\"283\" height=\"300\" src=\"https:\/\/ks-kretschmar.ks-gmbh.info\/wp-content\/uploads\/2026\/04\/Vigo-mass-01-283x300.jpg\" class=\"attachment-medium size-medium\" alt=\"\" srcset=\"https:\/\/ks-kretschmar.ks-gmbh.info\/wp-content\/uploads\/2026\/04\/Vigo-mass-01-283x300.jpg 283w, https:\/\/ks-kretschmar.ks-gmbh.info\/wp-content\/uploads\/2026\/04\/Vigo-mass-01-11x12.jpg 11w, https:\/\/ks-kretschmar.ks-gmbh.info\/wp-content\/uploads\/2026\/04\/Vigo-mass-01.jpg 498w\" sizes=\"(max-width: 283px) 100vw, 283px\" \/><\/a>\n\t\t\t<\/div><\/figure><figure class='gallery-item'>\n\t\t\t<div class='gallery-icon portrait'>\n\t\t\t\t<a data-elementor-open-lightbox=\"yes\" data-elementor-lightbox-slideshow=\"1211a94c\" data-elementor-lightbox-title=\"Vigo-mass-02\" data-e-action-hash=\"#elementor-action%3Aaction%3Dlightbox%26settings%3DeyJpZCI6NzY0NCwidXJsIjoiaHR0cHM6XC9cL2tzLWtyZXRzY2htYXIua3MtZ21iaC5pbmZvXC93cC1jb250ZW50XC91cGxvYWRzXC8yMDI2XC8wNFwvVmlnby1tYXNzLTAyLmpwZyIsInNsaWRlc2hvdyI6IjEyMTFhOTRjIn0%3D\" href='https:\/\/ks-kretschmar.ks-gmbh.info\/wp-content\/uploads\/2026\/04\/Vigo-mass-02.jpg'><img loading=\"lazy\" decoding=\"async\" width=\"229\" height=\"300\" src=\"https:\/\/ks-kretschmar.ks-gmbh.info\/wp-content\/uploads\/2026\/04\/Vigo-mass-02-229x300.jpg\" class=\"attachment-medium size-medium\" alt=\"\" srcset=\"https:\/\/ks-kretschmar.ks-gmbh.info\/wp-content\/uploads\/2026\/04\/Vigo-mass-02-229x300.jpg 229w, https:\/\/ks-kretschmar.ks-gmbh.info\/wp-content\/uploads\/2026\/04\/Vigo-mass-02-9x12.jpg 9w, https:\/\/ks-kretschmar.ks-gmbh.info\/wp-content\/uploads\/2026\/04\/Vigo-mass-02.jpg 461w\" sizes=\"(max-width: 229px) 100vw, 229px\" \/><\/a>\n\t\t\t<\/div><\/figure>\n\t\t<\/div>\n\t\t<\/div>\n\t\t\t\t\t\t<\/div>\n\t\t\t\t<\/div>\n\t\t\t\t\t<\/div>\n\t\t<\/div>\n\t\t\t\t\t<\/div>\n\t\t<\/section>\n\t\t<div class=\"elementor-element elementor-element-8749ecd e-grid e-con-boxed e-con e-parent\" data-id=\"8749ecd\" data-element_type=\"container\">\n\t\t\t\t\t<div class=\"e-con-inner\">\n\t\t\t\t<div class=\"elementor-element elementor-element-11e5104 elementor-widget elementor-widget-button\" data-id=\"11e5104\" data-element_type=\"widget\" data-widget_type=\"button.default\">\n\t\t\t\t<div class=\"elementor-widget-container\">\n\t\t\t\t\t\t\t\t\t<div class=\"elementor-button-wrapper\">\n\t\t\t\t\t<a class=\"elementor-button elementor-button-link elementor-size-sm\" href=\"http:\/\/ks-kretschmar.ks-gmbh.info\/en\/polsterstoffe\/\">\n\t\t\t\t\t\t<span class=\"elementor-button-content-wrapper\">\n\t\t\t\t\t\t\t\t\t<span class=\"elementor-button-text\">fabric selection<\/span>\n\t\t\t\t\t<\/span>\n\t\t\t\t\t<\/a>\n\t\t\t\t<\/div>\n\t\t\t\t\t\t\t\t<\/div>\n\t\t\t\t<\/div>\n\t\t\t\t<div class=\"elementor-element elementor-element-3034077 elementor-widget elementor-widget-button\" data-id=\"3034077\" data-element_type=\"widget\" data-widget_type=\"button.default\">\n\t\t\t\t<div class=\"elementor-widget-container\">\n\t\t\t\t\t\t\t\t\t<div class=\"elementor-button-wrapper\">\n\t\t\t\t\t<a class=\"elementor-button elementor-button-link elementor-size-sm\" href=\"https:\/\/ks-kretschmar.ks-gmbh.info\/en\/fuesse-box-01\/\">\n\t\t\t\t\t\t<span class=\"elementor-button-content-wrapper\">\n\t\t\t\t\t\t\t\t\t<span class=\"elementor-button-text\">Foot selection<\/span>\n\t\t\t\t\t<\/span>\n\t\t\t\t\t<\/a>\n\t\t\t\t<\/div>\n\t\t\t\t\t\t\t\t<\/div>\n\t\t\t\t<\/div>\n\t\t\t\t\t<\/div>\n\t\t\t\t<\/div>\n\t\t\t\t<\/div>","protected":false},"excerpt":{"rendered":"<p>Polstertruhe Vigo Die Polstertruhe Vigo ist Ideal als Ankleidebank mit zus\u00e4tzlichem Stauraum, passend zu allen Boxspring- und Polsterbetten. Sie kann mit gleichen F\u00fc\u00dfen und Stoff wie das Boxspringbett geliefert werden. Die Sitzpolsterung besteht aus 25mm PU Schaum. Der Bezug ist mit Klett- und Flauschband befestigt und kann getauscht oder gereinigt werden. Das Gestell aus Seiten, [&hellip;]<\/p>","protected":false},"author":1,"featured_media":0,"parent":0,"menu_order":0,"comment_status":"closed","ping_status":"closed","template":"","meta":{"ocean_post_layout":"full-screen","ocean_both_sidebars_style":"","ocean_both_sidebars_content_width":0,"ocean_both_sidebars_sidebars_width":0,"ocean_sidebar":"","ocean_second_sidebar":"","ocean_disable_margins":"enable","ocean_add_body_class":"","ocean_shortcode_before_top_bar":"","ocean_shortcode_after_top_bar":"","ocean_shortcode_before_header":"","ocean_shortcode_after_header":"","ocean_has_shortcode":"","ocean_shortcode_after_title":"","ocean_shortcode_before_footer_widgets":"","ocean_shortcode_after_footer_widgets":"","ocean_shortcode_before_footer_bottom":"","ocean_shortcode_after_footer_bottom":"","ocean_display_top_bar":"default","ocean_display_header":"default","ocean_header_style":"","ocean_center_header_left_menu":"","ocean_custom_header_template":"","ocean_custom_logo":0,"ocean_custom_retina_logo":0,"ocean_custom_logo_max_width":0,"ocean_custom_logo_tablet_max_width":0,"ocean_custom_logo_mobile_max_width":0,"ocean_custom_logo_max_height":0,"ocean_custom_logo_tablet_max_height":0,"ocean_custom_logo_mobile_max_height":0,"ocean_header_custom_menu":"","ocean_menu_typo_font_family":"","ocean_menu_typo_font_subset":"","ocean_menu_typo_font_size":0,"ocean_menu_typo_font_size_tablet":0,"ocean_menu_typo_font_size_mobile":0,"ocean_menu_typo_font_size_unit":"px","ocean_menu_typo_font_weight":"","ocean_menu_typo_font_weight_tablet":"","ocean_menu_typo_font_weight_mobile":"","ocean_menu_typo_transform":"","ocean_menu_typo_transform_tablet":"","ocean_menu_typo_transform_mobile":"","ocean_menu_typo_line_height":0,"ocean_menu_typo_line_height_tablet":0,"ocean_menu_typo_line_height_mobile":0,"ocean_menu_typo_line_height_unit":"","ocean_menu_typo_spacing":0,"ocean_menu_typo_spacing_tablet":0,"ocean_menu_typo_spacing_mobile":0,"ocean_menu_typo_spacing_unit":"","ocean_menu_link_color":"","ocean_menu_link_color_hover":"","ocean_menu_link_color_active":"","ocean_menu_link_background":"","ocean_menu_link_hover_background":"","ocean_menu_link_active_background":"","ocean_menu_social_links_bg":"","ocean_menu_social_hover_links_bg":"","ocean_menu_social_links_color":"","ocean_menu_social_hover_links_color":"","ocean_disable_title":"default","ocean_disable_heading":"on","ocean_post_title":"","ocean_post_subheading":"","ocean_post_title_style":"","ocean_post_title_background_color":"","ocean_post_title_background":0,"ocean_post_title_bg_image_position":"","ocean_post_title_bg_image_attachment":"","ocean_post_title_bg_image_repeat":"","ocean_post_title_bg_image_size":"","ocean_post_title_height":0,"ocean_post_title_bg_overlay":0.5,"ocean_post_title_bg_overlay_color":"","ocean_disable_breadcrumbs":"off","ocean_breadcrumbs_color":"","ocean_breadcrumbs_separator_color":"","ocean_breadcrumbs_links_color":"","ocean_breadcrumbs_links_hover_color":"","ocean_display_footer_widgets":"default","ocean_display_footer_bottom":"default","ocean_custom_footer_template":"","footnotes":""},"class_list":["post-7631","page","type-page","status-publish","hentry","entry"],"yoast_head":"<!-- This site is optimized with the Yoast SEO plugin v26.6 - https:\/\/yoast.com\/wordpress\/plugins\/seo\/ -->\n<title>Vigo - Kretschmar Schlafsysteme<\/title>\n<meta name=\"robots\" content=\"index, follow, max-snippet:-1, max-image-preview:large, max-video-preview:-1\" \/>\n<link rel=\"canonical\" href=\"https:\/\/ks-kretschmar.ks-gmbh.info\/en\/vigo\/\" \/>\n<meta property=\"og:locale\" content=\"en_GB\" \/>\n<meta property=\"og:type\" content=\"article\" \/>\n<meta property=\"og:title\" content=\"Vigo - Kretschmar Schlafsysteme\" \/>\n<meta property=\"og:description\" content=\"Polstertruhe Vigo Die Polstertruhe Vigo ist Ideal als Ankleidebank mit zus\u00e4tzlichem Stauraum, passend zu allen Boxspring- und Polsterbetten. Sie kann mit gleichen F\u00fc\u00dfen und Stoff wie das Boxspringbett geliefert werden. Die Sitzpolsterung besteht aus 25mm PU Schaum. Der Bezug ist mit Klett- und Flauschband befestigt und kann getauscht oder gereinigt werden. Das Gestell aus Seiten, [&hellip;]\" \/>\n<meta property=\"og:url\" content=\"https:\/\/ks-kretschmar.ks-gmbh.info\/en\/vigo\/\" \/>\n<meta property=\"og:site_name\" content=\"Kretschmar Schlafsysteme\" \/>\n<meta property=\"article:modified_time\" content=\"2026-04-09T13:34:57+00:00\" \/>\n<meta property=\"og:image\" content=\"https:\/\/ks-kretschmar.ks-gmbh.info\/wp-content\/uploads\/2026\/04\/gVigo-Oslo-01.jpg\" \/>\n\t<meta property=\"og:image:width\" content=\"900\" \/>\n\t<meta property=\"og:image:height\" content=\"675\" \/>\n\t<meta property=\"og:image:type\" content=\"image\/jpeg\" \/>\n<meta name=\"twitter:card\" content=\"summary_large_image\" \/>\n<meta name=\"twitter:label1\" content=\"Estimated reading time\" \/>\n\t<meta name=\"twitter:data1\" content=\"2 minutes\" \/>\n<script type=\"application\/ld+json\" class=\"yoast-schema-graph\">{\"@context\":\"https:\/\/schema.org\",\"@graph\":[{\"@type\":\"WebPage\",\"@id\":\"https:\/\/ks-kretschmar.ks-gmbh.info\/vigo\/\",\"url\":\"https:\/\/ks-kretschmar.ks-gmbh.info\/vigo\/\",\"name\":\"Vigo - Kretschmar Schlafsysteme\",\"isPartOf\":{\"@id\":\"https:\/\/ks-kretschmar.ks-gmbh.info\/#website\"},\"primaryImageOfPage\":{\"@id\":\"https:\/\/ks-kretschmar.ks-gmbh.info\/vigo\/#primaryimage\"},\"image\":{\"@id\":\"https:\/\/ks-kretschmar.ks-gmbh.info\/vigo\/#primaryimage\"},\"thumbnailUrl\":\"https:\/\/ks-kretschmar.ks-gmbh.info\/wp-content\/uploads\/2026\/04\/gVigo-Oslo-01.jpg\",\"datePublished\":\"2026-04-07T19:42:49+00:00\",\"dateModified\":\"2026-04-09T13:34:57+00:00\",\"breadcrumb\":{\"@id\":\"https:\/\/ks-kretschmar.ks-gmbh.info\/vigo\/#breadcrumb\"},\"inLanguage\":\"en-GB\",\"potentialAction\":[{\"@type\":\"ReadAction\",\"target\":[\"https:\/\/ks-kretschmar.ks-gmbh.info\/vigo\/\"]}]},{\"@type\":\"ImageObject\",\"inLanguage\":\"en-GB\",\"@id\":\"https:\/\/ks-kretschmar.ks-gmbh.info\/vigo\/#primaryimage\",\"url\":\"https:\/\/ks-kretschmar.ks-gmbh.info\/wp-content\/uploads\/2026\/04\/gVigo-Oslo-01.jpg\",\"contentUrl\":\"https:\/\/ks-kretschmar.ks-gmbh.info\/wp-content\/uploads\/2026\/04\/gVigo-Oslo-01.jpg\"},{\"@type\":\"BreadcrumbList\",\"@id\":\"https:\/\/ks-kretschmar.ks-gmbh.info\/vigo\/#breadcrumb\",\"itemListElement\":[{\"@type\":\"ListItem\",\"position\":1,\"name\":\"Startseite\",\"item\":\"https:\/\/ks-kretschmar.ks-gmbh.info\/\"},{\"@type\":\"ListItem\",\"position\":2,\"name\":\"Vigo\"}]},{\"@type\":\"WebSite\",\"@id\":\"https:\/\/ks-kretschmar.ks-gmbh.info\/#website\",\"url\":\"https:\/\/ks-kretschmar.ks-gmbh.info\/\",\"name\":\"Kretschmar Schlafsysteme\",\"description\":\"\",\"publisher\":{\"@id\":\"https:\/\/ks-kretschmar.ks-gmbh.info\/#organization\"},\"potentialAction\":[{\"@type\":\"SearchAction\",\"target\":{\"@type\":\"EntryPoint\",\"urlTemplate\":\"https:\/\/ks-kretschmar.ks-gmbh.info\/?s={search_term_string}\"},\"query-input\":{\"@type\":\"PropertyValueSpecification\",\"valueRequired\":true,\"valueName\":\"search_term_string\"}}],\"inLanguage\":\"en-GB\"},{\"@type\":\"Organization\",\"@id\":\"https:\/\/ks-kretschmar.ks-gmbh.info\/#organization\",\"name\":\"Kretschmar Schlafsysteme\",\"url\":\"https:\/\/ks-kretschmar.ks-gmbh.info\/\",\"logo\":{\"@type\":\"ImageObject\",\"inLanguage\":\"en-GB\",\"@id\":\"https:\/\/ks-kretschmar.ks-gmbh.info\/#\/schema\/logo\/image\/\",\"url\":\"https:\/\/ks-kretschmar.ks-gmbh.info\/wp-content\/uploads\/2020\/02\/cropped-Unbenannt-1.png\",\"contentUrl\":\"https:\/\/ks-kretschmar.ks-gmbh.info\/wp-content\/uploads\/2020\/02\/cropped-Unbenannt-1.png\",\"width\":2016,\"height\":508,\"caption\":\"Kretschmar Schlafsysteme\"},\"image\":{\"@id\":\"https:\/\/ks-kretschmar.ks-gmbh.info\/#\/schema\/logo\/image\/\"}}]}<\/script>\n<!-- \/ Yoast SEO plugin. -->","yoast_head_json":{"title":"Vigo - Kretschmar Schlafsysteme","robots":{"index":"index","follow":"follow","max-snippet":"max-snippet:-1","max-image-preview":"max-image-preview:large","max-video-preview":"max-video-preview:-1"},"canonical":"https:\/\/ks-kretschmar.ks-gmbh.info\/en\/vigo\/","og_locale":"en_GB","og_type":"article","og_title":"Vigo - Kretschmar Schlafsysteme","og_description":"Polstertruhe Vigo Die Polstertruhe Vigo ist Ideal als Ankleidebank mit zus\u00e4tzlichem Stauraum, passend zu allen Boxspring- und Polsterbetten. Sie kann mit gleichen F\u00fc\u00dfen und Stoff wie das Boxspringbett geliefert werden. Die Sitzpolsterung besteht aus 25mm PU Schaum. Der Bezug ist mit Klett- und Flauschband befestigt und kann getauscht oder gereinigt werden. Das Gestell aus Seiten, [&hellip;]","og_url":"https:\/\/ks-kretschmar.ks-gmbh.info\/en\/vigo\/","og_site_name":"Kretschmar Schlafsysteme","article_modified_time":"2026-04-09T13:34:57+00:00","og_image":[{"width":900,"height":675,"url":"https:\/\/ks-kretschmar.ks-gmbh.info\/wp-content\/uploads\/2026\/04\/gVigo-Oslo-01.jpg","type":"image\/jpeg"}],"twitter_card":"summary_large_image","twitter_misc":{"Estimated reading time":"2 minutes"},"schema":{"@context":"https:\/\/schema.org","@graph":[{"@type":"WebPage","@id":"https:\/\/ks-kretschmar.ks-gmbh.info\/vigo\/","url":"https:\/\/ks-kretschmar.ks-gmbh.info\/vigo\/","name":"Vigo - Kretschmar Schlafsysteme","isPartOf":{"@id":"https:\/\/ks-kretschmar.ks-gmbh.info\/#website"},"primaryImageOfPage":{"@id":"https:\/\/ks-kretschmar.ks-gmbh.info\/vigo\/#primaryimage"},"image":{"@id":"https:\/\/ks-kretschmar.ks-gmbh.info\/vigo\/#primaryimage"},"thumbnailUrl":"https:\/\/ks-kretschmar.ks-gmbh.info\/wp-content\/uploads\/2026\/04\/gVigo-Oslo-01.jpg","datePublished":"2026-04-07T19:42:49+00:00","dateModified":"2026-04-09T13:34:57+00:00","breadcrumb":{"@id":"https:\/\/ks-kretschmar.ks-gmbh.info\/vigo\/#breadcrumb"},"inLanguage":"en-GB","potentialAction":[{"@type":"ReadAction","target":["https:\/\/ks-kretschmar.ks-gmbh.info\/vigo\/"]}]},{"@type":"ImageObject","inLanguage":"en-GB","@id":"https:\/\/ks-kretschmar.ks-gmbh.info\/vigo\/#primaryimage","url":"https:\/\/ks-kretschmar.ks-gmbh.info\/wp-content\/uploads\/2026\/04\/gVigo-Oslo-01.jpg","contentUrl":"https:\/\/ks-kretschmar.ks-gmbh.info\/wp-content\/uploads\/2026\/04\/gVigo-Oslo-01.jpg"},{"@type":"BreadcrumbList","@id":"https:\/\/ks-kretschmar.ks-gmbh.info\/vigo\/#breadcrumb","itemListElement":[{"@type":"ListItem","position":1,"name":"Startseite","item":"https:\/\/ks-kretschmar.ks-gmbh.info\/"},{"@type":"ListItem","position":2,"name":"Vigo"}]},{"@type":"WebSite","@id":"https:\/\/ks-kretschmar.ks-gmbh.info\/#website","url":"https:\/\/ks-kretschmar.ks-gmbh.info\/","name":"Kretschmar Schlafsysteme","description":"","publisher":{"@id":"https:\/\/ks-kretschmar.ks-gmbh.info\/#organization"},"potentialAction":[{"@type":"SearchAction","target":{"@type":"EntryPoint","urlTemplate":"https:\/\/ks-kretschmar.ks-gmbh.info\/?s={search_term_string}"},"query-input":{"@type":"PropertyValueSpecification","valueRequired":true,"valueName":"search_term_string"}}],"inLanguage":"en-GB"},{"@type":"Organization","@id":"https:\/\/ks-kretschmar.ks-gmbh.info\/#organization","name":"Kretschmar Schlafsysteme","url":"https:\/\/ks-kretschmar.ks-gmbh.info\/","logo":{"@type":"ImageObject","inLanguage":"en-GB","@id":"https:\/\/ks-kretschmar.ks-gmbh.info\/#\/schema\/logo\/image\/","url":"https:\/\/ks-kretschmar.ks-gmbh.info\/wp-content\/uploads\/2020\/02\/cropped-Unbenannt-1.png","contentUrl":"https:\/\/ks-kretschmar.ks-gmbh.info\/wp-content\/uploads\/2020\/02\/cropped-Unbenannt-1.png","width":2016,"height":508,"caption":"Kretschmar Schlafsysteme"},"image":{"@id":"https:\/\/ks-kretschmar.ks-gmbh.info\/#\/schema\/logo\/image\/"}}]}},"_links":{"self":[{"href":"https:\/\/ks-kretschmar.ks-gmbh.info\/en\/wp-json\/wp\/v2\/pages\/7631","targetHints":{"allow":["GET"]}}],"collection":[{"href":"https:\/\/ks-kretschmar.ks-gmbh.info\/en\/wp-json\/wp\/v2\/pages"}],"about":[{"href":"https:\/\/ks-kretschmar.ks-gmbh.info\/en\/wp-json\/wp\/v2\/types\/page"}],"author":[{"embeddable":true,"href":"https:\/\/ks-kretschmar.ks-gmbh.info\/en\/wp-json\/wp\/v2\/users\/1"}],"replies":[{"embeddable":true,"href":"https:\/\/ks-kretschmar.ks-gmbh.info\/en\/wp-json\/wp\/v2\/comments?post=7631"}],"version-history":[{"count":16,"href":"https:\/\/ks-kretschmar.ks-gmbh.info\/en\/wp-json\/wp\/v2\/pages\/7631\/revisions"}],"predecessor-version":[{"id":7658,"href":"https:\/\/ks-kretschmar.ks-gmbh.info\/en\/wp-json\/wp\/v2\/pages\/7631\/revisions\/7658"}],"wp:attachment":[{"href":"https:\/\/ks-kretschmar.ks-gmbh.info\/en\/wp-json\/wp\/v2\/media?parent=7631"}],"curies":[{"name":"wp","href":"https:\/\/api.w.org\/{rel}","templated":true}]}}